{"id":17251,"date":"2026-04-16T14:40:10","date_gmt":"2026-04-16T12:40:10","guid":{"rendered":"https:\/\/www.sebworld-auktionen.de\/produkt\/boite-de-rangement-usm-haller-3"},"modified":"2026-04-16T14:40:10","modified_gmt":"2026-04-16T12:40:10","slug":"boite-de-rangement-usm-haller-3","status":"publish","type":"product","link":"https:\/\/www.sebworld-auktionen.de\/fr\/lots\/boite-de-rangement-usm-haller-3","title":{"rendered":"Bo\u00eete de rangement USM Haller"},"content":{"rendered":"<p>2e g\u00e9n\u00e9ration | RAL 1004 jaune dor\u00e9 | avec feuilles perfor\u00e9es | H : 39cm | P : 35cm | D : 35cm<\/p>\n","protected":false},"excerpt":{"rendered":"<p>2e g\u00e9n\u00e9ration | RAL 1004 jaune dor\u00e9 | avec feuilles perfor\u00e9es | H : 39cm | P : 35cm | D : 35cm<\/p>\n","protected":false},"featured_media":14185,"template":"","meta":{"_acf_changed":false},"product_brand":[],"product_cat":[201],"product_tag":[],"class_list":{"0":"post-17251","1":"product","2":"type-product","3":"status-publish","4":"has-post-thumbnail","6":"product_cat-divers","8":"first","9":"instock","10":"taxable","11":"shipping-taxable","12":"purchasable","13":"product-type-auction"},"acf":[],"_links":{"self":[{"href":"https:\/\/www.sebworld-auktionen.de\/fr\/wp-json\/wp\/v2\/product\/17251","targetHints":{"allow":["GET"]}}],"collection":[{"href":"https:\/\/www.sebworld-auktionen.de\/fr\/wp-json\/wp\/v2\/product"}],"about":[{"href":"https:\/\/www.sebworld-auktionen.de\/fr\/wp-json\/wp\/v2\/types\/product"}],"wp:featuredmedia":[{"embeddable":true,"href":"https:\/\/www.sebworld-auktionen.de\/fr\/wp-json\/wp\/v2\/media\/14185"}],"wp:attachment":[{"href":"https:\/\/www.sebworld-auktionen.de\/fr\/wp-json\/wp\/v2\/media?parent=17251"}],"wp:term":[{"taxonomy":"product_brand","embeddable":true,"href":"https:\/\/www.sebworld-auktionen.de\/fr\/wp-json\/wp\/v2\/product_brand?post=17251"},{"taxonomy":"product_cat","embeddable":true,"href":"https:\/\/www.sebworld-auktionen.de\/fr\/wp-json\/wp\/v2\/product_cat?post=17251"},{"taxonomy":"product_tag","embeddable":true,"href":"https:\/\/www.sebworld-auktionen.de\/fr\/wp-json\/wp\/v2\/product_tag?post=17251"}],"curies":[{"name":"wp","href":"https:\/\/api.w.org\/{rel}","templated":true}]}}