{"id":17257,"date":"2026-04-16T14:38:42","date_gmt":"2026-04-16T12:38:42","guid":{"rendered":"https:\/\/www.sebworld-auktionen.de\/produkt\/boite-de-rangement-usm-haller-4"},"modified":"2026-04-27T18:02:06","modified_gmt":"2026-04-27T16:02:06","slug":"boite-de-rangement-usm-haller-4","status":"publish","type":"product","link":"https:\/\/www.sebworld-auktionen.de\/fr\/lots\/boite-de-rangement-usm-haller-4","title":{"rendered":"Bo\u00eete de rangement USM Haller"},"content":{"rendered":"<p>2e g\u00e9n\u00e9ration | RAL orange pur 2004 | avec feuilles perfor\u00e9es | H : 39cm | P : 35cm | TD : 35cm<\/p>\n","protected":false},"excerpt":{"rendered":"<p>2e g\u00e9n\u00e9ration | RAL orange pur 2004 | avec feuilles perfor\u00e9es | H : 39cm | P : 35cm | TD : 35cm<\/p>\n","protected":false},"featured_media":14180,"template":"","meta":{"_acf_changed":false},"product_brand":[],"product_cat":[201],"product_tag":[],"class_list":{"0":"post-17257","1":"product","2":"type-product","3":"status-publish","4":"has-post-thumbnail","6":"product_cat-divers","8":"first","9":"instock","10":"taxable","11":"shipping-taxable","12":"purchasable","13":"product-type-auction"},"acf":[],"_links":{"self":[{"href":"https:\/\/www.sebworld-auktionen.de\/fr\/wp-json\/wp\/v2\/product\/17257","targetHints":{"allow":["GET"]}}],"collection":[{"href":"https:\/\/www.sebworld-auktionen.de\/fr\/wp-json\/wp\/v2\/product"}],"about":[{"href":"https:\/\/www.sebworld-auktionen.de\/fr\/wp-json\/wp\/v2\/types\/product"}],"wp:featuredmedia":[{"embeddable":true,"href":"https:\/\/www.sebworld-auktionen.de\/fr\/wp-json\/wp\/v2\/media\/14180"}],"wp:attachment":[{"href":"https:\/\/www.sebworld-auktionen.de\/fr\/wp-json\/wp\/v2\/media?parent=17257"}],"wp:term":[{"taxonomy":"product_brand","embeddable":true,"href":"https:\/\/www.sebworld-auktionen.de\/fr\/wp-json\/wp\/v2\/product_brand?post=17257"},{"taxonomy":"product_cat","embeddable":true,"href":"https:\/\/www.sebworld-auktionen.de\/fr\/wp-json\/wp\/v2\/product_cat?post=17257"},{"taxonomy":"product_tag","embeddable":true,"href":"https:\/\/www.sebworld-auktionen.de\/fr\/wp-json\/wp\/v2\/product_tag?post=17257"}],"curies":[{"name":"wp","href":"https:\/\/api.w.org\/{rel}","templated":true}]}}