{"id":17363,"date":"2026-04-16T12:17:58","date_gmt":"2026-04-16T10:17:58","guid":{"rendered":"https:\/\/www.sebworld-auktionen.de\/produkt\/porte-chargeurs-usm-haller"},"modified":"2026-04-16T12:17:58","modified_gmt":"2026-04-16T10:17:58","slug":"porte-chargeurs-usm-haller","status":"publish","type":"product","link":"https:\/\/www.sebworld-auktionen.de\/fr\/lots\/porte-chargeurs-usm-haller","title":{"rendered":"Porte-chargeurs USM Haller"},"content":{"rendered":"<p>2e g\u00e9n\u00e9ration | RAL 9010 blanc pur | avec feuilles perfor\u00e9es | 2x \u00e9tag\u00e8re inclin\u00e9e | sur roulettes | H : 117,5 cm | P : 75 cm | D : 25 cm<\/p>\n","protected":false},"excerpt":{"rendered":"<p>2e g\u00e9n\u00e9ration | RAL 9010 blanc pur | avec feuilles perfor\u00e9es | 2x \u00e9tag\u00e8re inclin\u00e9e | sur roulettes | H : 117,5 cm | P : 75 cm | D : 25 cm<\/p>\n","protected":false},"featured_media":14152,"template":"","meta":{"_acf_changed":false},"product_brand":[],"product_cat":[218],"product_tag":[],"class_list":{"0":"post-17363","1":"product","2":"type-product","3":"status-publish","4":"has-post-thumbnail","6":"product_cat-buffets","8":"first","9":"instock","10":"taxable","11":"shipping-taxable","12":"purchasable","13":"product-type-auction"},"acf":[],"_links":{"self":[{"href":"https:\/\/www.sebworld-auktionen.de\/fr\/wp-json\/wp\/v2\/product\/17363","targetHints":{"allow":["GET"]}}],"collection":[{"href":"https:\/\/www.sebworld-auktionen.de\/fr\/wp-json\/wp\/v2\/product"}],"about":[{"href":"https:\/\/www.sebworld-auktionen.de\/fr\/wp-json\/wp\/v2\/types\/product"}],"wp:featuredmedia":[{"embeddable":true,"href":"https:\/\/www.sebworld-auktionen.de\/fr\/wp-json\/wp\/v2\/media\/14152"}],"wp:attachment":[{"href":"https:\/\/www.sebworld-auktionen.de\/fr\/wp-json\/wp\/v2\/media?parent=17363"}],"wp:term":[{"taxonomy":"product_brand","embeddable":true,"href":"https:\/\/www.sebworld-auktionen.de\/fr\/wp-json\/wp\/v2\/product_brand?post=17363"},{"taxonomy":"product_cat","embeddable":true,"href":"https:\/\/www.sebworld-auktionen.de\/fr\/wp-json\/wp\/v2\/product_cat?post=17363"},{"taxonomy":"product_tag","embeddable":true,"href":"https:\/\/www.sebworld-auktionen.de\/fr\/wp-json\/wp\/v2\/product_tag?post=17363"}],"curies":[{"name":"wp","href":"https:\/\/api.w.org\/{rel}","templated":true}]}}