{"id":17559,"date":"2026-04-16T08:41:02","date_gmt":"2026-04-16T06:41:02","guid":{"rendered":"https:\/\/www.sebworld-auktionen.de\/produkt\/ensemble-de-2-chaises-visiteurs-en-fil-dacier-avec-coussin-dassise-2"},"modified":"2026-04-16T08:41:02","modified_gmt":"2026-04-16T06:41:02","slug":"ensemble-de-2-chaises-visiteurs-en-fil-dacier-avec-coussin-dassise-2","status":"publish","type":"product","link":"https:\/\/www.sebworld-auktionen.de\/fr\/lots\/ensemble-de-2-chaises-visiteurs-en-fil-dacier-avec-coussin-dassise-2","title":{"rendered":"Ensemble de 2 chaises visiteurs en fil d\u2019acier avec coussin d\u2019assise"},"content":{"rendered":"<p>Acier | Plaqu\u00e9 chrom\u00e9 | Coussin de si\u00e8ge Hopsak Black | H : 85cm | SH : 43cm | F : 49cm | D : 51cm<\/p>\n<p>*Les photos sont exemplaires, tous les ensembles sont identiques | 3, 53842 Troisdorf* <\/p>\n","protected":false},"excerpt":{"rendered":"<p>Acier | Plaqu\u00e9 chrom\u00e9 | Coussin de si\u00e8ge Hopsak Black | H : 85cm | SH : 43cm | F : 49cm | D : 51cm *Les photos sont exemplaires, tous les ensembles sont identiques | 3, 53842 Troisdorf*<\/p>\n","protected":false},"featured_media":14047,"template":"","meta":{"_acf_changed":false},"product_brand":[],"product_cat":[240],"product_tag":[],"class_list":{"0":"post-17559","1":"product","2":"type-product","3":"status-publish","4":"has-post-thumbnail","6":"product_cat-chaises-visiteurs","8":"first","9":"outofstock","10":"taxable","11":"shipping-taxable","12":"purchasable","13":"product-type-auction"},"acf":[],"_links":{"self":[{"href":"https:\/\/www.sebworld-auktionen.de\/fr\/wp-json\/wp\/v2\/product\/17559","targetHints":{"allow":["GET"]}}],"collection":[{"href":"https:\/\/www.sebworld-auktionen.de\/fr\/wp-json\/wp\/v2\/product"}],"about":[{"href":"https:\/\/www.sebworld-auktionen.de\/fr\/wp-json\/wp\/v2\/types\/product"}],"wp:featuredmedia":[{"embeddable":true,"href":"https:\/\/www.sebworld-auktionen.de\/fr\/wp-json\/wp\/v2\/media\/14047"}],"wp:attachment":[{"href":"https:\/\/www.sebworld-auktionen.de\/fr\/wp-json\/wp\/v2\/media?parent=17559"}],"wp:term":[{"taxonomy":"product_brand","embeddable":true,"href":"https:\/\/www.sebworld-auktionen.de\/fr\/wp-json\/wp\/v2\/product_brand?post=17559"},{"taxonomy":"product_cat","embeddable":true,"href":"https:\/\/www.sebworld-auktionen.de\/fr\/wp-json\/wp\/v2\/product_cat?post=17559"},{"taxonomy":"product_tag","embeddable":true,"href":"https:\/\/www.sebworld-auktionen.de\/fr\/wp-json\/wp\/v2\/product_tag?post=17559"}],"curies":[{"name":"wp","href":"https:\/\/api.w.org\/{rel}","templated":true}]}}