{"id":17659,"date":"2026-04-14T10:46:01","date_gmt":"2026-04-14T08:46:01","guid":{"rendered":"https:\/\/www.sebworld-auktionen.de\/produkt\/refrigerateur-a-vin-de-haier-ws171ga"},"modified":"2026-04-14T10:46:01","modified_gmt":"2026-04-14T08:46:01","slug":"refrigerateur-a-vin-de-haier-ws171ga","status":"publish","type":"product","link":"https:\/\/www.sebworld-auktionen.de\/fr\/lots\/refrigerateur-a-vin-de-haier-ws171ga","title":{"rendered":"R\u00e9frig\u00e9rateur \u00e0 vin de Haier WS171GA"},"content":{"rendered":"<p>Porte vitr\u00e9e avec protection UV | 1 zone de temp\u00e9rature (environ 5-20\u00b0C) | incluant 6 \u00e9tag\u00e8res en bois rabattables | \u00c9clairage int\u00e9rieur LED | H : 185cm | P : 60cm | D : 64cm <\/p>\n<p>*Fonctionnalit\u00e9 non garantie | 3, 53842 Troisdorf* <\/p>\n","protected":false},"excerpt":{"rendered":"<p>Porte vitr\u00e9e avec protection UV | 1 zone de temp\u00e9rature (environ 5-20\u00b0C) | incluant 6 \u00e9tag\u00e8res en bois rabattables | \u00c9clairage int\u00e9rieur LED | H : 185cm | P : 60cm | D : 64cm *Fonctionnalit\u00e9 non garantie | 3, 53842 Troisdorf*<\/p>\n","protected":false},"featured_media":13868,"template":"","meta":{"_acf_changed":false},"product_brand":[],"product_cat":[244],"product_tag":[],"class_list":{"0":"post-17659","1":"product","2":"type-product","3":"status-publish","4":"has-post-thumbnail","6":"product_cat-technologie","8":"first","9":"instock","10":"taxable","11":"shipping-taxable","12":"purchasable","13":"product-type-auction"},"acf":[],"_links":{"self":[{"href":"https:\/\/www.sebworld-auktionen.de\/fr\/wp-json\/wp\/v2\/product\/17659","targetHints":{"allow":["GET"]}}],"collection":[{"href":"https:\/\/www.sebworld-auktionen.de\/fr\/wp-json\/wp\/v2\/product"}],"about":[{"href":"https:\/\/www.sebworld-auktionen.de\/fr\/wp-json\/wp\/v2\/types\/product"}],"wp:featuredmedia":[{"embeddable":true,"href":"https:\/\/www.sebworld-auktionen.de\/fr\/wp-json\/wp\/v2\/media\/13868"}],"wp:attachment":[{"href":"https:\/\/www.sebworld-auktionen.de\/fr\/wp-json\/wp\/v2\/media?parent=17659"}],"wp:term":[{"taxonomy":"product_brand","embeddable":true,"href":"https:\/\/www.sebworld-auktionen.de\/fr\/wp-json\/wp\/v2\/product_brand?post=17659"},{"taxonomy":"product_cat","embeddable":true,"href":"https:\/\/www.sebworld-auktionen.de\/fr\/wp-json\/wp\/v2\/product_cat?post=17659"},{"taxonomy":"product_tag","embeddable":true,"href":"https:\/\/www.sebworld-auktionen.de\/fr\/wp-json\/wp\/v2\/product_tag?post=17659"}],"curies":[{"name":"wp","href":"https:\/\/api.w.org\/{rel}","templated":true}]}}