{"id":18031,"date":"2026-04-10T14:31:58","date_gmt":"2026-04-10T12:31:58","guid":{"rendered":"https:\/\/www.sebworld-auktionen.de\/produkt\/decoration-avec-vases-fleurs-decoratives-et-globe-terrestre"},"modified":"2026-04-27T18:04:21","modified_gmt":"2026-04-27T16:04:21","slug":"decoration-avec-vases-fleurs-decoratives-et-globe-terrestre","status":"publish","type":"product","link":"https:\/\/www.sebworld-auktionen.de\/fr\/lots\/decoration-avec-vases-fleurs-decoratives-et-globe-terrestre","title":{"rendered":"D\u00e9coration avec vases, fleurs d\u00e9coratives et globe terrestre"},"content":{"rendered":"<p>Ensemble d\u00e9coratif avec 2 vases, 2x fleurs d\u00e9coratives et globe terrestre<\/p>\n","protected":false},"excerpt":{"rendered":"<p>Ensemble d\u00e9coratif avec 2 vases, 2x fleurs d\u00e9coratives et globe terrestre<\/p>\n","protected":false},"featured_media":14002,"template":"","meta":{"_acf_changed":false},"product_brand":[],"product_cat":[251],"product_tag":[],"class_list":{"0":"post-18031","1":"product","2":"type-product","3":"status-publish","4":"has-post-thumbnail","6":"product_cat-decoration","8":"first","9":"outofstock","10":"taxable","11":"shipping-taxable","12":"purchasable","13":"product-type-auction"},"acf":[],"_links":{"self":[{"href":"https:\/\/www.sebworld-auktionen.de\/fr\/wp-json\/wp\/v2\/product\/18031","targetHints":{"allow":["GET"]}}],"collection":[{"href":"https:\/\/www.sebworld-auktionen.de\/fr\/wp-json\/wp\/v2\/product"}],"about":[{"href":"https:\/\/www.sebworld-auktionen.de\/fr\/wp-json\/wp\/v2\/types\/product"}],"wp:featuredmedia":[{"embeddable":true,"href":"https:\/\/www.sebworld-auktionen.de\/fr\/wp-json\/wp\/v2\/media\/14002"}],"wp:attachment":[{"href":"https:\/\/www.sebworld-auktionen.de\/fr\/wp-json\/wp\/v2\/media?parent=18031"}],"wp:term":[{"taxonomy":"product_brand","embeddable":true,"href":"https:\/\/www.sebworld-auktionen.de\/fr\/wp-json\/wp\/v2\/product_brand?post=18031"},{"taxonomy":"product_cat","embeddable":true,"href":"https:\/\/www.sebworld-auktionen.de\/fr\/wp-json\/wp\/v2\/product_cat?post=18031"},{"taxonomy":"product_tag","embeddable":true,"href":"https:\/\/www.sebworld-auktionen.de\/fr\/wp-json\/wp\/v2\/product_tag?post=18031"}],"curies":[{"name":"wp","href":"https:\/\/api.w.org\/{rel}","templated":true}]}}