{"id":18134,"date":"2026-04-20T08:22:49","date_gmt":"2026-04-20T06:22:49","guid":{"rendered":"https:\/\/www.sebworld-auktionen.de\/produkt\/usm-haller-highboard-2"},"modified":"2026-04-20T08:22:49","modified_gmt":"2026-04-20T06:22:49","slug":"usm-haller-highboard-2","status":"publish","type":"product","link":"https:\/\/www.sebworld-auktionen.de\/fr\/lots\/usm-haller-highboard-2","title":{"rendered":"USM Haller Highboard"},"content":{"rendered":"<p>2e g\u00e9n\u00e9ration | RAL 7005 gris moyen | 1x porte articul\u00e9e | H : 109cm | P : 75cm | D : 35\/50cm<\/p>\n","protected":false},"excerpt":{"rendered":"<p>2e g\u00e9n\u00e9ration | RAL 7005 gris moyen | 1x porte articul\u00e9e | H : 109cm | P : 75cm | D : 35\/50cm<\/p>\n","protected":false},"featured_media":14633,"template":"","meta":{"_acf_changed":false},"product_brand":[],"product_cat":[218],"product_tag":[],"class_list":{"0":"post-18134","1":"product","2":"type-product","3":"status-publish","4":"has-post-thumbnail","6":"product_cat-buffets","8":"first","9":"instock","10":"taxable","11":"shipping-taxable","12":"purchasable","13":"product-type-auction"},"acf":[],"_links":{"self":[{"href":"https:\/\/www.sebworld-auktionen.de\/fr\/wp-json\/wp\/v2\/product\/18134","targetHints":{"allow":["GET"]}}],"collection":[{"href":"https:\/\/www.sebworld-auktionen.de\/fr\/wp-json\/wp\/v2\/product"}],"about":[{"href":"https:\/\/www.sebworld-auktionen.de\/fr\/wp-json\/wp\/v2\/types\/product"}],"wp:featuredmedia":[{"embeddable":true,"href":"https:\/\/www.sebworld-auktionen.de\/fr\/wp-json\/wp\/v2\/media\/14633"}],"wp:attachment":[{"href":"https:\/\/www.sebworld-auktionen.de\/fr\/wp-json\/wp\/v2\/media?parent=18134"}],"wp:term":[{"taxonomy":"product_brand","embeddable":true,"href":"https:\/\/www.sebworld-auktionen.de\/fr\/wp-json\/wp\/v2\/product_brand?post=18134"},{"taxonomy":"product_cat","embeddable":true,"href":"https:\/\/www.sebworld-auktionen.de\/fr\/wp-json\/wp\/v2\/product_cat?post=18134"},{"taxonomy":"product_tag","embeddable":true,"href":"https:\/\/www.sebworld-auktionen.de\/fr\/wp-json\/wp\/v2\/product_tag?post=18134"}],"curies":[{"name":"wp","href":"https:\/\/api.w.org\/{rel}","templated":true}]}}