{"id":18192,"date":"2026-04-20T08:15:39","date_gmt":"2026-04-20T06:15:39","guid":{"rendered":"https:\/\/www.sebworld-auktionen.de\/produkt\/bar-comptoir-stand-dexposition-usm-haller"},"modified":"2026-04-20T08:15:39","modified_gmt":"2026-04-20T06:15:39","slug":"bar-comptoir-stand-dexposition-usm-haller","status":"publish","type":"product","link":"https:\/\/www.sebworld-auktionen.de\/fr\/lots\/bar-comptoir-stand-dexposition-usm-haller","title":{"rendered":"Bar \/ Comptoir \/ Stand d\u2019exposition USM Haller"},"content":{"rendered":"<p>3e g\u00e9n\u00e9ration | RAL 9010 blanc pur | Superstructure sur\u00e9lev\u00e9e avec LED int\u00e9gr\u00e9es (7x) | H : 234 cm | F : environ 330 cm | D : environ 195 cm | D (compartiment) : 35 cm<br \/>\nPoids : environ 300 kg<\/p>\n","protected":false},"excerpt":{"rendered":"<p>3e g\u00e9n\u00e9ration | RAL 9010 blanc pur | Superstructure sur\u00e9lev\u00e9e avec LED int\u00e9gr\u00e9es (7x) | H : 234 cm | F : environ 330 cm | D : environ 195 cm | D (compartiment) : 35 cm Poids : environ 300 kg<\/p>\n","protected":false},"featured_media":14617,"template":"","meta":{"_acf_changed":false},"product_brand":[],"product_cat":[258],"product_tag":[],"class_list":{"0":"post-18192","1":"product","2":"type-product","3":"status-publish","4":"has-post-thumbnail","6":"product_cat-pions","8":"first","9":"instock","10":"taxable","11":"shipping-taxable","12":"purchasable","13":"product-type-auction"},"acf":[],"_links":{"self":[{"href":"https:\/\/www.sebworld-auktionen.de\/fr\/wp-json\/wp\/v2\/product\/18192","targetHints":{"allow":["GET"]}}],"collection":[{"href":"https:\/\/www.sebworld-auktionen.de\/fr\/wp-json\/wp\/v2\/product"}],"about":[{"href":"https:\/\/www.sebworld-auktionen.de\/fr\/wp-json\/wp\/v2\/types\/product"}],"wp:featuredmedia":[{"embeddable":true,"href":"https:\/\/www.sebworld-auktionen.de\/fr\/wp-json\/wp\/v2\/media\/14617"}],"wp:attachment":[{"href":"https:\/\/www.sebworld-auktionen.de\/fr\/wp-json\/wp\/v2\/media?parent=18192"}],"wp:term":[{"taxonomy":"product_brand","embeddable":true,"href":"https:\/\/www.sebworld-auktionen.de\/fr\/wp-json\/wp\/v2\/product_brand?post=18192"},{"taxonomy":"product_cat","embeddable":true,"href":"https:\/\/www.sebworld-auktionen.de\/fr\/wp-json\/wp\/v2\/product_cat?post=18192"},{"taxonomy":"product_tag","embeddable":true,"href":"https:\/\/www.sebworld-auktionen.de\/fr\/wp-json\/wp\/v2\/product_tag?post=18192"}],"curies":[{"name":"wp","href":"https:\/\/api.w.org\/{rel}","templated":true}]}}