{"id":18297,"date":"2026-04-17T08:22:29","date_gmt":"2026-04-17T06:22:29","guid":{"rendered":"https:\/\/www.sebworld-auktionen.de\/produkt\/artemide-tolomeo-tavolo-aluminium-2"},"modified":"2026-04-17T08:22:29","modified_gmt":"2026-04-17T06:22:29","slug":"artemide-tolomeo-tavolo-aluminium-2","status":"publish","type":"product","link":"https:\/\/www.sebworld-auktionen.de\/fr\/lots\/artemide-tolomeo-tavolo-aluminium-2","title":{"rendered":"Artemide Tolomeo Tavolo Aluminium"},"content":{"rendered":"<p>Cadre en aluminium avec deux joints | T\u00eate de lampe r\u00e9glable | 1 ampoule | Interrupteur \u00e0 bouton-poussoir avec 2 niveaux | Fiche UE | H : 64-129cm | \u00d8 pied : 23cm | \u00d8 abat-jour : 15cm<\/p>\n<p>Fonctionnel lors du catalogage | Aucune garantie fonctionnelle n\u2019est donn\u00e9e.<\/p>\n","protected":false},"excerpt":{"rendered":"<p>Cadre en aluminium avec deux joints | T\u00eate de lampe r\u00e9glable | 1 ampoule | Interrupteur \u00e0 bouton-poussoir avec 2 niveaux | Fiche UE | H : 64-129cm | \u00d8 pied : 23cm | \u00d8 abat-jour : 15cm Fonctionnel lors du catalogage | Aucune garantie fonctionnelle n\u2019est donn\u00e9e.<\/p>\n","protected":false},"featured_media":14341,"template":"","meta":{"_acf_changed":false},"product_brand":[],"product_cat":[207,211],"product_tag":[],"class_list":{"0":"post-18297","1":"product","2":"type-product","3":"status-publish","4":"has-post-thumbnail","6":"product_cat-lampes","7":"product_cat-lampes-de-table","9":"first","10":"instock","11":"taxable","12":"shipping-taxable","13":"purchasable","14":"product-type-auction"},"acf":[],"_links":{"self":[{"href":"https:\/\/www.sebworld-auktionen.de\/fr\/wp-json\/wp\/v2\/product\/18297","targetHints":{"allow":["GET"]}}],"collection":[{"href":"https:\/\/www.sebworld-auktionen.de\/fr\/wp-json\/wp\/v2\/product"}],"about":[{"href":"https:\/\/www.sebworld-auktionen.de\/fr\/wp-json\/wp\/v2\/types\/product"}],"wp:featuredmedia":[{"embeddable":true,"href":"https:\/\/www.sebworld-auktionen.de\/fr\/wp-json\/wp\/v2\/media\/14341"}],"wp:attachment":[{"href":"https:\/\/www.sebworld-auktionen.de\/fr\/wp-json\/wp\/v2\/media?parent=18297"}],"wp:term":[{"taxonomy":"product_brand","embeddable":true,"href":"https:\/\/www.sebworld-auktionen.de\/fr\/wp-json\/wp\/v2\/product_brand?post=18297"},{"taxonomy":"product_cat","embeddable":true,"href":"https:\/\/www.sebworld-auktionen.de\/fr\/wp-json\/wp\/v2\/product_cat?post=18297"},{"taxonomy":"product_tag","embeddable":true,"href":"https:\/\/www.sebworld-auktionen.de\/fr\/wp-json\/wp\/v2\/product_tag?post=18297"}],"curies":[{"name":"wp","href":"https:\/\/api.w.org\/{rel}","templated":true}]}}