{"id":18462,"date":"2026-04-16T15:32:03","date_gmt":"2026-04-16T13:32:03","guid":{"rendered":"https:\/\/www.sebworld-auktionen.de\/produkt\/table-dappoint-usm-haller-2"},"modified":"2026-04-16T15:32:03","modified_gmt":"2026-04-16T13:32:03","slug":"table-dappoint-usm-haller-2","status":"publish","type":"product","link":"https:\/\/www.sebworld-auktionen.de\/fr\/lots\/table-dappoint-usm-haller-2","title":{"rendered":"Table d\u2019appoint USM Haller"},"content":{"rendered":"<p>2e g\u00e9n\u00e9ration | RAL 9011 noir graphite | 1x \u00e9tag\u00e8re interm\u00e9diaire | sur roulettes | H : 43cm | P : 50cm | D : 50cm<\/p>\n","protected":false},"excerpt":{"rendered":"<p>2e g\u00e9n\u00e9ration | RAL 9011 noir graphite | 1x \u00e9tag\u00e8re interm\u00e9diaire | sur roulettes | H : 43cm | P : 50cm | D : 50cm<\/p>\n","protected":false},"featured_media":14265,"template":"","meta":{"_acf_changed":false},"product_brand":[],"product_cat":[235],"product_tag":[],"class_list":{"0":"post-18462","1":"product","2":"type-product","3":"status-publish","4":"has-post-thumbnail","6":"product_cat-tableaux","8":"first","9":"instock","10":"taxable","11":"shipping-taxable","12":"purchasable","13":"product-type-auction"},"acf":[],"_links":{"self":[{"href":"https:\/\/www.sebworld-auktionen.de\/fr\/wp-json\/wp\/v2\/product\/18462","targetHints":{"allow":["GET"]}}],"collection":[{"href":"https:\/\/www.sebworld-auktionen.de\/fr\/wp-json\/wp\/v2\/product"}],"about":[{"href":"https:\/\/www.sebworld-auktionen.de\/fr\/wp-json\/wp\/v2\/types\/product"}],"wp:featuredmedia":[{"embeddable":true,"href":"https:\/\/www.sebworld-auktionen.de\/fr\/wp-json\/wp\/v2\/media\/14265"}],"wp:attachment":[{"href":"https:\/\/www.sebworld-auktionen.de\/fr\/wp-json\/wp\/v2\/media?parent=18462"}],"wp:term":[{"taxonomy":"product_brand","embeddable":true,"href":"https:\/\/www.sebworld-auktionen.de\/fr\/wp-json\/wp\/v2\/product_brand?post=18462"},{"taxonomy":"product_cat","embeddable":true,"href":"https:\/\/www.sebworld-auktionen.de\/fr\/wp-json\/wp\/v2\/product_cat?post=18462"},{"taxonomy":"product_tag","embeddable":true,"href":"https:\/\/www.sebworld-auktionen.de\/fr\/wp-json\/wp\/v2\/product_tag?post=18462"}],"curies":[{"name":"wp","href":"https:\/\/api.w.org\/{rel}","templated":true}]}}