{"id":18577,"date":"2026-04-22T13:49:43","date_gmt":"2026-04-22T11:49:43","guid":{"rendered":"https:\/\/www.sebworld-auktionen.de\/produkt\/vitra-workbay-hopsak-red-3"},"modified":"2026-04-22T13:49:43","modified_gmt":"2026-04-22T11:49:43","slug":"vitra-workbay-hopsak-red-3","status":"publish","type":"product","link":"https:\/\/www.sebworld-auktionen.de\/fr\/lots\/vitra-workbay-hopsak-red-3","title":{"rendered":"Vitra Workbay Hopsak Red"},"content":{"rendered":"<p>Hopsak | Rouge | Surface de travail r\u00e9sine synth\u00e9tique blanche | Incluant 1 lampe (rotation \u00e0 360\u00b0) | 1x prise | 2x connexion r\u00e9seau | H : 140cm | P : 192cm | D : 152cm <\/p>\n<p>*Les images sont exemplaires, toutes les baies de travail sont identiques*<\/p>\n","protected":false},"excerpt":{"rendered":"<p>Hopsak | Rouge | Surface de travail r\u00e9sine synth\u00e9tique blanche | Incluant 1 lampe (rotation \u00e0 360\u00b0) | 1x prise | 2x connexion r\u00e9seau | H : 140cm | P : 192cm | D : 152cm *Les images sont exemplaires, toutes les baies de travail sont identiques*<\/p>\n","protected":false},"featured_media":15030,"template":"","meta":{"_acf_changed":false},"product_brand":[],"product_cat":[228],"product_tag":[],"class_list":{"0":"post-18577","1":"product","2":"type-product","3":"status-publish","4":"has-post-thumbnail","6":"product_cat-fournitures-de-bureau","8":"first","9":"instock","10":"taxable","11":"shipping-taxable","12":"purchasable","13":"product-type-auction"},"acf":[],"_links":{"self":[{"href":"https:\/\/www.sebworld-auktionen.de\/fr\/wp-json\/wp\/v2\/product\/18577","targetHints":{"allow":["GET"]}}],"collection":[{"href":"https:\/\/www.sebworld-auktionen.de\/fr\/wp-json\/wp\/v2\/product"}],"about":[{"href":"https:\/\/www.sebworld-auktionen.de\/fr\/wp-json\/wp\/v2\/types\/product"}],"wp:featuredmedia":[{"embeddable":true,"href":"https:\/\/www.sebworld-auktionen.de\/fr\/wp-json\/wp\/v2\/media\/15030"}],"wp:attachment":[{"href":"https:\/\/www.sebworld-auktionen.de\/fr\/wp-json\/wp\/v2\/media?parent=18577"}],"wp:term":[{"taxonomy":"product_brand","embeddable":true,"href":"https:\/\/www.sebworld-auktionen.de\/fr\/wp-json\/wp\/v2\/product_brand?post=18577"},{"taxonomy":"product_cat","embeddable":true,"href":"https:\/\/www.sebworld-auktionen.de\/fr\/wp-json\/wp\/v2\/product_cat?post=18577"},{"taxonomy":"product_tag","embeddable":true,"href":"https:\/\/www.sebworld-auktionen.de\/fr\/wp-json\/wp\/v2\/product_tag?post=18577"}],"curies":[{"name":"wp","href":"https:\/\/api.w.org\/{rel}","templated":true}]}}