{"id":18676,"date":"2026-04-15T08:34:20","date_gmt":"2026-04-15T06:34:20","guid":{"rendered":"https:\/\/www.sebworld-auktionen.de\/produkt\/ensemble-cor-de-2-chaises-pivotantes-de-bureau-en-tissu-jaune"},"modified":"2026-04-15T08:34:20","modified_gmt":"2026-04-15T06:34:20","slug":"ensemble-cor-de-2-chaises-pivotantes-de-bureau-en-tissu-jaune","status":"publish","type":"product","link":"https:\/\/www.sebworld-auktionen.de\/fr\/lots\/ensemble-cor-de-2-chaises-pivotantes-de-bureau-en-tissu-jaune","title":{"rendered":"Ensemble Cor de 2 chaises pivotantes de bureau en tissu jaune"},"content":{"rendered":"<p>Ch\u00e2ssis en aluminium poli | H : 87cm | SH : 42cm | P : 73cm | D : 75cm<\/p>\n<p> *Inspection et r\u00e9cup\u00e9ration : Marie-Curie-Stra\u00dfe 5, 53757 Sankt Augustin*<\/p>\n","protected":false},"excerpt":{"rendered":"<p>Ch\u00e2ssis en aluminium poli | H : 87cm | SH : 42cm | P : 73cm | D : 75cm *Inspection et r\u00e9cup\u00e9ration : Marie-Curie-Stra\u00dfe 5, 53757 Sankt Augustin*<\/p>\n","protected":false},"featured_media":8904,"template":"","meta":{"_acf_changed":false},"product_brand":[],"product_cat":[185],"product_tag":[],"class_list":{"0":"post-18676","1":"product","2":"type-product","3":"status-publish","4":"has-post-thumbnail","6":"product_cat-chaises-pivotantes-de-bureau","8":"first","9":"instock","10":"taxable","11":"shipping-taxable","12":"purchasable","13":"product-type-auction"},"acf":[],"_links":{"self":[{"href":"https:\/\/www.sebworld-auktionen.de\/fr\/wp-json\/wp\/v2\/product\/18676","targetHints":{"allow":["GET"]}}],"collection":[{"href":"https:\/\/www.sebworld-auktionen.de\/fr\/wp-json\/wp\/v2\/product"}],"about":[{"href":"https:\/\/www.sebworld-auktionen.de\/fr\/wp-json\/wp\/v2\/types\/product"}],"wp:featuredmedia":[{"embeddable":true,"href":"https:\/\/www.sebworld-auktionen.de\/fr\/wp-json\/wp\/v2\/media\/8904"}],"wp:attachment":[{"href":"https:\/\/www.sebworld-auktionen.de\/fr\/wp-json\/wp\/v2\/media?parent=18676"}],"wp:term":[{"taxonomy":"product_brand","embeddable":true,"href":"https:\/\/www.sebworld-auktionen.de\/fr\/wp-json\/wp\/v2\/product_brand?post=18676"},{"taxonomy":"product_cat","embeddable":true,"href":"https:\/\/www.sebworld-auktionen.de\/fr\/wp-json\/wp\/v2\/product_cat?post=18676"},{"taxonomy":"product_tag","embeddable":true,"href":"https:\/\/www.sebworld-auktionen.de\/fr\/wp-json\/wp\/v2\/product_tag?post=18676"}],"curies":[{"name":"wp","href":"https:\/\/api.w.org\/{rel}","templated":true}]}}