{"id":18757,"date":"2026-04-15T08:25:02","date_gmt":"2026-04-15T06:25:02","guid":{"rendered":"https:\/\/www.sebworld-auktionen.de\/produkt\/salon-de-travail-espace-de-coworking-lista-tissu-beige-2"},"modified":"2026-04-15T08:25:02","modified_gmt":"2026-04-15T06:25:02","slug":"salon-de-travail-espace-de-coworking-lista-tissu-beige-2","status":"publish","type":"product","link":"https:\/\/www.sebworld-auktionen.de\/fr\/lots\/salon-de-travail-espace-de-coworking-lista-tissu-beige-2","title":{"rendered":"Salon de travail \/ espace de coworking Lista tissu beige"},"content":{"rendered":"<p>Cadre M\u00e9tal Blanc | H : 151cm | L : 240cm | M : 160cm<\/p>\n<p>*Les photos sont exemplaires, tous les Lista Work Lounge sont identiques | Observation et r\u00e9cup\u00e9ration : Marie-Curie-Stra\u00dfe 5, 53757 Sankt Augustin*<\/p>\n","protected":false},"excerpt":{"rendered":"<p>Cadre M\u00e9tal Blanc | H : 151cm | L : 240cm | M : 160cm *Les photos sont exemplaires, tous les Lista Work Lounge sont identiques | Observation et r\u00e9cup\u00e9ration : Marie-Curie-Stra\u00dfe 5, 53757 Sankt Augustin*<\/p>\n","protected":false},"featured_media":9121,"template":"","meta":{"_acf_changed":false},"product_brand":[],"product_cat":[201],"product_tag":[],"class_list":{"0":"post-18757","1":"product","2":"type-product","3":"status-publish","4":"has-post-thumbnail","6":"product_cat-divers","8":"first","9":"instock","10":"taxable","11":"shipping-taxable","12":"purchasable","13":"product-type-auction"},"acf":[],"_links":{"self":[{"href":"https:\/\/www.sebworld-auktionen.de\/fr\/wp-json\/wp\/v2\/product\/18757","targetHints":{"allow":["GET"]}}],"collection":[{"href":"https:\/\/www.sebworld-auktionen.de\/fr\/wp-json\/wp\/v2\/product"}],"about":[{"href":"https:\/\/www.sebworld-auktionen.de\/fr\/wp-json\/wp\/v2\/types\/product"}],"wp:featuredmedia":[{"embeddable":true,"href":"https:\/\/www.sebworld-auktionen.de\/fr\/wp-json\/wp\/v2\/media\/9121"}],"wp:attachment":[{"href":"https:\/\/www.sebworld-auktionen.de\/fr\/wp-json\/wp\/v2\/media?parent=18757"}],"wp:term":[{"taxonomy":"product_brand","embeddable":true,"href":"https:\/\/www.sebworld-auktionen.de\/fr\/wp-json\/wp\/v2\/product_brand?post=18757"},{"taxonomy":"product_cat","embeddable":true,"href":"https:\/\/www.sebworld-auktionen.de\/fr\/wp-json\/wp\/v2\/product_cat?post=18757"},{"taxonomy":"product_tag","embeddable":true,"href":"https:\/\/www.sebworld-auktionen.de\/fr\/wp-json\/wp\/v2\/product_tag?post=18757"}],"curies":[{"name":"wp","href":"https:\/\/api.w.org\/{rel}","templated":true}]}}