{"id":18833,"date":"2026-04-15T08:00:11","date_gmt":"2026-04-15T06:00:11","guid":{"rendered":"https:\/\/www.sebworld-auktionen.de\/produkt\/linak-desk-electrique-reglable-en-hauteur-2"},"modified":"2026-04-15T08:00:11","modified_gmt":"2026-04-15T06:00:11","slug":"linak-desk-electrique-reglable-en-hauteur-2","status":"publish","type":"product","link":"https:\/\/www.sebworld-auktionen.de\/fr\/lots\/linak-desk-electrique-reglable-en-hauteur-2","title":{"rendered":"Linak Desk \u00e9lectrique. R\u00e9glable en hauteur"},"content":{"rendered":"<p>Cadre m\u00e9tallique | \u00c9lectr. Hauteur r\u00e9glable | H : 76cm | P : 120cm | D : 110cm <\/p>\n","protected":false},"excerpt":{"rendered":"<p>Cadre m\u00e9tallique | \u00c9lectr. Hauteur r\u00e9glable | H : 76cm | P : 120cm | D : 110cm<\/p>\n","protected":false},"featured_media":8532,"template":"","meta":{"_acf_changed":false},"product_brand":[],"product_cat":[235],"product_tag":[],"class_list":{"0":"post-18833","1":"product","2":"type-product","3":"status-publish","4":"has-post-thumbnail","6":"product_cat-tableaux","8":"first","9":"instock","10":"taxable","11":"shipping-taxable","12":"purchasable","13":"product-type-auction"},"acf":[],"_links":{"self":[{"href":"https:\/\/www.sebworld-auktionen.de\/fr\/wp-json\/wp\/v2\/product\/18833","targetHints":{"allow":["GET"]}}],"collection":[{"href":"https:\/\/www.sebworld-auktionen.de\/fr\/wp-json\/wp\/v2\/product"}],"about":[{"href":"https:\/\/www.sebworld-auktionen.de\/fr\/wp-json\/wp\/v2\/types\/product"}],"wp:featuredmedia":[{"embeddable":true,"href":"https:\/\/www.sebworld-auktionen.de\/fr\/wp-json\/wp\/v2\/media\/8532"}],"wp:attachment":[{"href":"https:\/\/www.sebworld-auktionen.de\/fr\/wp-json\/wp\/v2\/media?parent=18833"}],"wp:term":[{"taxonomy":"product_brand","embeddable":true,"href":"https:\/\/www.sebworld-auktionen.de\/fr\/wp-json\/wp\/v2\/product_brand?post=18833"},{"taxonomy":"product_cat","embeddable":true,"href":"https:\/\/www.sebworld-auktionen.de\/fr\/wp-json\/wp\/v2\/product_cat?post=18833"},{"taxonomy":"product_tag","embeddable":true,"href":"https:\/\/www.sebworld-auktionen.de\/fr\/wp-json\/wp\/v2\/product_tag?post=18833"}],"curies":[{"name":"wp","href":"https:\/\/api.w.org\/{rel}","templated":true}]}}