{"id":19074,"date":"2026-04-15T08:43:32","date_gmt":"2026-04-15T06:43:32","guid":{"rendered":"https:\/\/www.sebworld-auktionen.de\/produkt\/aspect-mdf-bois-de-boite-aux-lettres"},"modified":"2026-04-27T18:06:03","modified_gmt":"2026-04-27T16:06:03","slug":"aspect-mdf-bois-de-boite-aux-lettres","status":"publish","type":"product","link":"https:\/\/www.sebworld-auktionen.de\/fr\/lots\/aspect-mdf-bois-de-boite-aux-lettres","title":{"rendered":"Aspect MDF \/ Bois de bo\u00eete aux lettres"},"content":{"rendered":"<p>Cadre MDF blanc \/ bois en placage | 24 \u00e9tag\u00e8res \u00e0 courrier | 1 armoire droite avec 4 \u00e9tag\u00e8res | H : 186 cm | P : 105 m | D : 43 cm<\/p>\n<p> *Inspection et r\u00e9cup\u00e9ration : Marie-Curie-Stra\u00dfe 5, 53757 Sankt Augustin*<\/p>\n","protected":false},"excerpt":{"rendered":"<p>Cadre MDF blanc \/ bois en placage | 24 \u00e9tag\u00e8res \u00e0 courrier | 1 armoire droite avec 4 \u00e9tag\u00e8res | H : 186 cm | P : 105 m | D : 43 cm *Inspection et r\u00e9cup\u00e9ration : Marie-Curie-Stra\u00dfe 5, 53757 Sankt Augustin*<\/p>\n","protected":false},"featured_media":8539,"template":"","meta":{"_acf_changed":false},"product_brand":[],"product_cat":[137],"product_tag":[],"class_list":{"0":"post-19074","1":"product","2":"type-product","3":"status-publish","4":"has-post-thumbnail","6":"product_cat-non-classe","8":"first","9":"outofstock","10":"taxable","11":"shipping-taxable","12":"purchasable","13":"product-type-auction"},"acf":[],"_links":{"self":[{"href":"https:\/\/www.sebworld-auktionen.de\/fr\/wp-json\/wp\/v2\/product\/19074","targetHints":{"allow":["GET"]}}],"collection":[{"href":"https:\/\/www.sebworld-auktionen.de\/fr\/wp-json\/wp\/v2\/product"}],"about":[{"href":"https:\/\/www.sebworld-auktionen.de\/fr\/wp-json\/wp\/v2\/types\/product"}],"wp:featuredmedia":[{"embeddable":true,"href":"https:\/\/www.sebworld-auktionen.de\/fr\/wp-json\/wp\/v2\/media\/8539"}],"wp:attachment":[{"href":"https:\/\/www.sebworld-auktionen.de\/fr\/wp-json\/wp\/v2\/media?parent=19074"}],"wp:term":[{"taxonomy":"product_brand","embeddable":true,"href":"https:\/\/www.sebworld-auktionen.de\/fr\/wp-json\/wp\/v2\/product_brand?post=19074"},{"taxonomy":"product_cat","embeddable":true,"href":"https:\/\/www.sebworld-auktionen.de\/fr\/wp-json\/wp\/v2\/product_cat?post=19074"},{"taxonomy":"product_tag","embeddable":true,"href":"https:\/\/www.sebworld-auktionen.de\/fr\/wp-json\/wp\/v2\/product_tag?post=19074"}],"curies":[{"name":"wp","href":"https:\/\/api.w.org\/{rel}","templated":true}]}}