{"id":19117,"date":"2026-04-15T08:41:21","date_gmt":"2026-04-15T06:41:21","guid":{"rendered":"https:\/\/www.sebworld-auktionen.de\/produkt\/ensemble-bene-docklands-office-twinbay-mdf-tissu-vert-blanc"},"modified":"2026-04-27T18:06:09","modified_gmt":"2026-04-27T16:06:09","slug":"ensemble-bene-docklands-office-twinbay-mdf-tissu-vert-blanc","status":"publish","type":"product","link":"https:\/\/www.sebworld-auktionen.de\/fr\/lots\/ensemble-bene-docklands-office-twinbay-mdf-tissu-vert-blanc","title":{"rendered":"Ensemble Bene Docklands Office TwinBay MDF \/ Tissu vert \/ blanc"},"content":{"rendered":"<p>Cadre MDF \/ Tissu | Vert \/ Blanc | H : 142cm | L : environ 325cm | L : environ 230cm | TH : 72,5cm | P : 100cm | T : 60cm<\/p>\n<p> *Inspection &amp; R\u00e9cup\u00e9ration : Marie-Curie-Stra\u00dfe 5, 53757 Sankt Augustin*<\/p>\n","protected":false},"excerpt":{"rendered":"<p>Cadre MDF \/ Tissu | Vert \/ Blanc | H : 142cm | L : environ 325cm | L : environ 230cm | TH : 72,5cm | P : 100cm | T : 60cm *Inspection &amp; R\u00e9cup\u00e9ration : Marie-Curie-Stra\u00dfe 5, 53757 Sankt Augustin*<\/p>\n","protected":false},"featured_media":9237,"template":"","meta":{"_acf_changed":false},"product_brand":[],"product_cat":[201],"product_tag":[],"class_list":{"0":"post-19117","1":"product","2":"type-product","3":"status-publish","4":"has-post-thumbnail","6":"product_cat-divers","8":"first","9":"outofstock","10":"taxable","11":"shipping-taxable","12":"purchasable","13":"product-type-auction"},"acf":[],"_links":{"self":[{"href":"https:\/\/www.sebworld-auktionen.de\/fr\/wp-json\/wp\/v2\/product\/19117","targetHints":{"allow":["GET"]}}],"collection":[{"href":"https:\/\/www.sebworld-auktionen.de\/fr\/wp-json\/wp\/v2\/product"}],"about":[{"href":"https:\/\/www.sebworld-auktionen.de\/fr\/wp-json\/wp\/v2\/types\/product"}],"wp:featuredmedia":[{"embeddable":true,"href":"https:\/\/www.sebworld-auktionen.de\/fr\/wp-json\/wp\/v2\/media\/9237"}],"wp:attachment":[{"href":"https:\/\/www.sebworld-auktionen.de\/fr\/wp-json\/wp\/v2\/media?parent=19117"}],"wp:term":[{"taxonomy":"product_brand","embeddable":true,"href":"https:\/\/www.sebworld-auktionen.de\/fr\/wp-json\/wp\/v2\/product_brand?post=19117"},{"taxonomy":"product_cat","embeddable":true,"href":"https:\/\/www.sebworld-auktionen.de\/fr\/wp-json\/wp\/v2\/product_cat?post=19117"},{"taxonomy":"product_tag","embeddable":true,"href":"https:\/\/www.sebworld-auktionen.de\/fr\/wp-json\/wp\/v2\/product_tag?post=19117"}],"curies":[{"name":"wp","href":"https:\/\/api.w.org\/{rel}","templated":true}]}}