{"id":19183,"date":"2026-04-15T08:39:21","date_gmt":"2026-04-15T06:39:21","guid":{"rendered":"https:\/\/www.sebworld-auktionen.de\/produkt\/table-dappoint-karl-andersson-soener-gris-chanfrein-bois-2"},"modified":"2026-04-15T08:39:21","modified_gmt":"2026-04-15T06:39:21","slug":"table-dappoint-karl-andersson-soener-gris-chanfrein-bois-2","status":"publish","type":"product","link":"https:\/\/www.sebworld-auktionen.de\/fr\/lots\/table-dappoint-karl-andersson-soener-gris-chanfrein-bois-2","title":{"rendered":"Table d\u2019appoint Karl Andersson &amp; S\u00f6ner Gris chanfrein bois"},"content":{"rendered":"<p>Cadre bois laqu\u00e9 gris | H : 53cm | P : 123cm | D : 55cm<\/p>\n<p>*Les photos sont exemplaires, toutes les tables d\u2019appoint Karl Andersson &amp; S\u00f6ner sont identiques dans leur construction | Observation et r\u00e9cup\u00e9ration : Marie-Curie-Stra\u00dfe 5, 53757 Sankt Augustin*<\/p>\n","protected":false},"excerpt":{"rendered":"<p>Cadre bois laqu\u00e9 gris | H : 53cm | P : 123cm | D : 55cm *Les photos sont exemplaires, toutes les tables d\u2019appoint Karl Andersson &amp; S\u00f6ner sont identiques dans leur construction | Observation et r\u00e9cup\u00e9ration : Marie-Curie-Stra\u00dfe 5, 53757 Sankt Augustin*<\/p>\n","protected":false},"featured_media":8555,"template":"","meta":{"_acf_changed":false},"product_brand":[],"product_cat":[235],"product_tag":[],"class_list":{"0":"post-19183","1":"product","2":"type-product","3":"status-publish","4":"has-post-thumbnail","6":"product_cat-tableaux","8":"first","9":"instock","10":"taxable","11":"shipping-taxable","12":"purchasable","13":"product-type-auction"},"acf":[],"_links":{"self":[{"href":"https:\/\/www.sebworld-auktionen.de\/fr\/wp-json\/wp\/v2\/product\/19183","targetHints":{"allow":["GET"]}}],"collection":[{"href":"https:\/\/www.sebworld-auktionen.de\/fr\/wp-json\/wp\/v2\/product"}],"about":[{"href":"https:\/\/www.sebworld-auktionen.de\/fr\/wp-json\/wp\/v2\/types\/product"}],"wp:featuredmedia":[{"embeddable":true,"href":"https:\/\/www.sebworld-auktionen.de\/fr\/wp-json\/wp\/v2\/media\/8555"}],"wp:attachment":[{"href":"https:\/\/www.sebworld-auktionen.de\/fr\/wp-json\/wp\/v2\/media?parent=19183"}],"wp:term":[{"taxonomy":"product_brand","embeddable":true,"href":"https:\/\/www.sebworld-auktionen.de\/fr\/wp-json\/wp\/v2\/product_brand?post=19183"},{"taxonomy":"product_cat","embeddable":true,"href":"https:\/\/www.sebworld-auktionen.de\/fr\/wp-json\/wp\/v2\/product_cat?post=19183"},{"taxonomy":"product_tag","embeddable":true,"href":"https:\/\/www.sebworld-auktionen.de\/fr\/wp-json\/wp\/v2\/product_tag?post=19183"}],"curies":[{"name":"wp","href":"https:\/\/api.w.org\/{rel}","templated":true}]}}