{"id":20013,"date":"2026-04-20T13:21:56","date_gmt":"2026-04-20T11:21:56","guid":{"rendered":"https:\/\/www.sebworld-auktionen.de\/produkt\/herman-miller-par-vitra-ea-219-cuir-beige-fonce"},"modified":"2026-04-20T13:21:56","modified_gmt":"2026-04-20T11:21:56","slug":"herman-miller-par-vitra-ea-219-cuir-beige-fonce","status":"publish","type":"product","link":"https:\/\/www.sebworld-auktionen.de\/fr\/lots\/herman-miller-par-vitra-ea-219-cuir-beige-fonce","title":{"rendered":"Herman Miller par Vitra EA 219 Cuir beige fonc\u00e9"},"content":{"rendered":"<p>Cuir | Beige fonc\u00e9 | R\u00e9glable en hauteur | avec fonction bascule | H : 103-116cm | SH : 48-61cm | P : 58cm | D : 58cm<\/p>\n","protected":false},"excerpt":{"rendered":"<p>Cuir | Beige fonc\u00e9 | R\u00e9glable en hauteur | avec fonction bascule | H : 103-116cm | SH : 48-61cm | P : 58cm | D : 58cm<\/p>\n","protected":false},"featured_media":14789,"template":"","meta":{"_acf_changed":false},"product_brand":[],"product_cat":[185],"product_tag":[],"class_list":{"0":"post-20013","1":"product","2":"type-product","3":"status-publish","4":"has-post-thumbnail","6":"product_cat-chaises-pivotantes-de-bureau","8":"first","9":"instock","10":"taxable","11":"shipping-taxable","12":"purchasable","13":"product-type-auction"},"acf":[],"_links":{"self":[{"href":"https:\/\/www.sebworld-auktionen.de\/fr\/wp-json\/wp\/v2\/product\/20013","targetHints":{"allow":["GET"]}}],"collection":[{"href":"https:\/\/www.sebworld-auktionen.de\/fr\/wp-json\/wp\/v2\/product"}],"about":[{"href":"https:\/\/www.sebworld-auktionen.de\/fr\/wp-json\/wp\/v2\/types\/product"}],"wp:featuredmedia":[{"embeddable":true,"href":"https:\/\/www.sebworld-auktionen.de\/fr\/wp-json\/wp\/v2\/media\/14789"}],"wp:attachment":[{"href":"https:\/\/www.sebworld-auktionen.de\/fr\/wp-json\/wp\/v2\/media?parent=20013"}],"wp:term":[{"taxonomy":"product_brand","embeddable":true,"href":"https:\/\/www.sebworld-auktionen.de\/fr\/wp-json\/wp\/v2\/product_brand?post=20013"},{"taxonomy":"product_cat","embeddable":true,"href":"https:\/\/www.sebworld-auktionen.de\/fr\/wp-json\/wp\/v2\/product_cat?post=20013"},{"taxonomy":"product_tag","embeddable":true,"href":"https:\/\/www.sebworld-auktionen.de\/fr\/wp-json\/wp\/v2\/product_tag?post=20013"}],"curies":[{"name":"wp","href":"https:\/\/api.w.org\/{rel}","templated":true}]}}