{"id":20327,"date":"2026-04-15T09:09:18","date_gmt":"2026-04-15T07:09:18","guid":{"rendered":"https:\/\/www.sebworld-auktionen.de\/produkt\/table-de-conference-gesika-10x-chaise-porte-a-faux-wilkhahn"},"modified":"2026-04-15T09:09:18","modified_gmt":"2026-04-15T07:09:18","slug":"table-de-conference-gesika-10x-chaise-porte-a-faux-wilkhahn","status":"publish","type":"product","link":"https:\/\/www.sebworld-auktionen.de\/fr\/lots\/table-de-conference-gesika-10x-chaise-porte-a-faux-wilkhahn","title":{"rendered":"Table de conf\u00e9rence Gesika + 10x chaise porte-\u00e0-faux Wilkhahn"},"content":{"rendered":"<p>Table de conf\u00e9rence : Cadre m\u00e9tallique | 6 douilles | H : 125cm | TH : 75cm | F : 300cm | D : 192cm<br \/>\nChaises : Ensemble de 10 | Cuir | Noir | Cadre en aluminium poli | Partiellement empilable | H : 86cm | SH : 44cm | F : 59cm | D : 56cm<\/p>\n<p> *Observation &amp; collection : Marie-Curie-Stra\u00dfe 5, 53757 Sankt Augustin*<\/p>\n","protected":false},"excerpt":{"rendered":"<p>Table de conf\u00e9rence : Cadre m\u00e9tallique | 6 douilles | H : 125cm | TH : 75cm | F : 300cm | D : 192cm Chaises : Ensemble de 10 | Cuir | Noir | Cadre en aluminium poli | Partiellement empilable | H : 86cm | SH : 44cm | F : 59cm | [&hellip;]<\/p>\n","protected":false},"featured_media":13940,"template":"","meta":{"_acf_changed":false},"product_brand":[],"product_cat":[223],"product_tag":[],"class_list":{"0":"post-20327","1":"product","2":"type-product","3":"status-publish","4":"has-post-thumbnail","6":"product_cat-ensembles","8":"first","9":"outofstock","10":"taxable","11":"shipping-taxable","12":"purchasable","13":"product-type-auction"},"acf":[],"_links":{"self":[{"href":"https:\/\/www.sebworld-auktionen.de\/fr\/wp-json\/wp\/v2\/product\/20327","targetHints":{"allow":["GET"]}}],"collection":[{"href":"https:\/\/www.sebworld-auktionen.de\/fr\/wp-json\/wp\/v2\/product"}],"about":[{"href":"https:\/\/www.sebworld-auktionen.de\/fr\/wp-json\/wp\/v2\/types\/product"}],"wp:featuredmedia":[{"embeddable":true,"href":"https:\/\/www.sebworld-auktionen.de\/fr\/wp-json\/wp\/v2\/media\/13940"}],"wp:attachment":[{"href":"https:\/\/www.sebworld-auktionen.de\/fr\/wp-json\/wp\/v2\/media?parent=20327"}],"wp:term":[{"taxonomy":"product_brand","embeddable":true,"href":"https:\/\/www.sebworld-auktionen.de\/fr\/wp-json\/wp\/v2\/product_brand?post=20327"},{"taxonomy":"product_cat","embeddable":true,"href":"https:\/\/www.sebworld-auktionen.de\/fr\/wp-json\/wp\/v2\/product_cat?post=20327"},{"taxonomy":"product_tag","embeddable":true,"href":"https:\/\/www.sebworld-auktionen.de\/fr\/wp-json\/wp\/v2\/product_tag?post=20327"}],"curies":[{"name":"wp","href":"https:\/\/api.w.org\/{rel}","templated":true}]}}