{"id":20345,"date":"2026-04-15T09:44:52","date_gmt":"2026-04-15T07:44:52","guid":{"rendered":"https:\/\/www.sebworld-auktionen.de\/produkt\/poste-de-travail-en-electrique-kn-hoehenv-bureau-chaise-pivotante-de-bureau-inwerk-conteneur-mobile-walter-knoll-3"},"modified":"2026-04-15T09:44:52","modified_gmt":"2026-04-15T07:44:52","slug":"poste-de-travail-en-electrique-kn-hoehenv-bureau-chaise-pivotante-de-bureau-inwerk-conteneur-mobile-walter-knoll-3","status":"publish","type":"product","link":"https:\/\/www.sebworld-auktionen.de\/fr\/lots\/poste-de-travail-en-electrique-kn-hoehenv-bureau-chaise-pivotante-de-bureau-inwerk-conteneur-mobile-walter-knoll-3","title":{"rendered":"Poste de travail en \u00e9lectrique K&amp;N. H\u00f6henv. Bureau + Chaise pivotante de bureau Inwerk + conteneur mobile Walter Knoll"},"content":{"rendered":"<p>Bureau : K\u00f6nig + Neurath | TALO. S electr, r\u00e9glable en hauteur | R\u00e9sine synth\u00e9tique | Blanc | avec plateau \u00e0 c\u00e2bles &amp; 2x prise c\u00e2ble | H : 68 &#8211; 118cm | P : 160cm | D : 80cm<br \/>\nChaise : Inwerk | Strategio | Tissu \/ R\u00e9seau | Noir | Cadre M\u00e9tal Blanc | Hauteur et profondeur | avec arr\u00eat. Fonction bascule | H : 109-131,5cm | P : 71cm | D : 55-60cm<br \/>\nConteneur mobile : Walter Knoll | M\u00e9tal | Blanc | 2x tiroirs | Fermeture en douceur | H : 52,5cm | P : 40,5cm | D : 56cm  <\/p>\n<p>*Les photos sont exemplaires, tous les ensembles sont identiques | Visionnement et r\u00e9cup\u00e9ration : Marie-Curie-Stra\u00dfe 5, 53757 Sankt Augustin*<\/p>\n","protected":false},"excerpt":{"rendered":"<p>Bureau : K\u00f6nig + Neurath | TALO. S electr, r\u00e9glable en hauteur | R\u00e9sine synth\u00e9tique | Blanc | avec plateau \u00e0 c\u00e2bles &amp; 2x prise c\u00e2ble | H : 68 &#8211; 118cm | P : 160cm | D : 80cm Chaise : Inwerk | Strategio | Tissu \/ R\u00e9seau | Noir | Cadre M\u00e9tal Blanc [&hellip;]<\/p>\n","protected":false},"featured_media":13947,"template":"","meta":{"_acf_changed":false},"product_brand":[],"product_cat":[223],"product_tag":[],"class_list":{"0":"post-20345","1":"product","2":"type-product","3":"status-publish","4":"has-post-thumbnail","6":"product_cat-ensembles","8":"first","9":"outofstock","10":"taxable","11":"shipping-taxable","12":"purchasable","13":"product-type-auction"},"acf":[],"_links":{"self":[{"href":"https:\/\/www.sebworld-auktionen.de\/fr\/wp-json\/wp\/v2\/product\/20345","targetHints":{"allow":["GET"]}}],"collection":[{"href":"https:\/\/www.sebworld-auktionen.de\/fr\/wp-json\/wp\/v2\/product"}],"about":[{"href":"https:\/\/www.sebworld-auktionen.de\/fr\/wp-json\/wp\/v2\/types\/product"}],"wp:featuredmedia":[{"embeddable":true,"href":"https:\/\/www.sebworld-auktionen.de\/fr\/wp-json\/wp\/v2\/media\/13947"}],"wp:attachment":[{"href":"https:\/\/www.sebworld-auktionen.de\/fr\/wp-json\/wp\/v2\/media?parent=20345"}],"wp:term":[{"taxonomy":"product_brand","embeddable":true,"href":"https:\/\/www.sebworld-auktionen.de\/fr\/wp-json\/wp\/v2\/product_brand?post=20345"},{"taxonomy":"product_cat","embeddable":true,"href":"https:\/\/www.sebworld-auktionen.de\/fr\/wp-json\/wp\/v2\/product_cat?post=20345"},{"taxonomy":"product_tag","embeddable":true,"href":"https:\/\/www.sebworld-auktionen.de\/fr\/wp-json\/wp\/v2\/product_tag?post=20345"}],"curies":[{"name":"wp","href":"https:\/\/api.w.org\/{rel}","templated":true}]}}