{"id":20416,"date":"2026-04-17T08:35:23","date_gmt":"2026-04-17T06:35:23","guid":{"rendered":"https:\/\/www.sebworld-auktionen.de\/produkt\/boite-de-rangement-usm-haller-7"},"modified":"2026-04-17T08:35:23","modified_gmt":"2026-04-17T06:35:23","slug":"boite-de-rangement-usm-haller-7","status":"publish","type":"product","link":"https:\/\/www.sebworld-auktionen.de\/fr\/lots\/boite-de-rangement-usm-haller-7","title":{"rendered":"Bo\u00eete de rangement USM Haller"},"content":{"rendered":"<p>2e g\u00e9n\u00e9ration | USM Vert | H : 39cm | E : 35cm | Re : 35cm<\/p>\n","protected":false},"excerpt":{"rendered":"<p>2e g\u00e9n\u00e9ration | USM Vert | H : 39cm | E : 35cm | Re : 35cm<\/p>\n","protected":false},"featured_media":14365,"template":"","meta":{"_acf_changed":false},"product_brand":[],"product_cat":[201],"product_tag":[],"class_list":{"0":"post-20416","1":"product","2":"type-product","3":"status-publish","4":"has-post-thumbnail","6":"product_cat-divers","8":"first","9":"instock","10":"taxable","11":"shipping-taxable","12":"purchasable","13":"product-type-auction"},"acf":[],"_links":{"self":[{"href":"https:\/\/www.sebworld-auktionen.de\/fr\/wp-json\/wp\/v2\/product\/20416","targetHints":{"allow":["GET"]}}],"collection":[{"href":"https:\/\/www.sebworld-auktionen.de\/fr\/wp-json\/wp\/v2\/product"}],"about":[{"href":"https:\/\/www.sebworld-auktionen.de\/fr\/wp-json\/wp\/v2\/types\/product"}],"wp:featuredmedia":[{"embeddable":true,"href":"https:\/\/www.sebworld-auktionen.de\/fr\/wp-json\/wp\/v2\/media\/14365"}],"wp:attachment":[{"href":"https:\/\/www.sebworld-auktionen.de\/fr\/wp-json\/wp\/v2\/media?parent=20416"}],"wp:term":[{"taxonomy":"product_brand","embeddable":true,"href":"https:\/\/www.sebworld-auktionen.de\/fr\/wp-json\/wp\/v2\/product_brand?post=20416"},{"taxonomy":"product_cat","embeddable":true,"href":"https:\/\/www.sebworld-auktionen.de\/fr\/wp-json\/wp\/v2\/product_cat?post=20416"},{"taxonomy":"product_tag","embeddable":true,"href":"https:\/\/www.sebworld-auktionen.de\/fr\/wp-json\/wp\/v2\/product_tag?post=20416"}],"curies":[{"name":"wp","href":"https:\/\/api.w.org\/{rel}","templated":true}]}}