{"id":20445,"date":"2026-04-16T14:52:41","date_gmt":"2026-04-16T12:52:41","guid":{"rendered":"https:\/\/www.sebworld-auktionen.de\/produkt\/buffet-usm-haller-7"},"modified":"2026-04-16T14:52:41","modified_gmt":"2026-04-16T12:52:41","slug":"buffet-usm-haller-7","status":"publish","type":"product","link":"https:\/\/www.sebworld-auktionen.de\/fr\/lots\/buffet-usm-haller-7","title":{"rendered":"Buffet USM Haller"},"content":{"rendered":"<p>2e g\u00e9n\u00e9ration | RAL 9010 blanc pur | 1x porte articul\u00e9e | sur roulettes | H : 68cm | P : 75cm | D : 35cm<\/p>\n","protected":false},"excerpt":{"rendered":"<p>2e g\u00e9n\u00e9ration | RAL 9010 blanc pur | 1x porte articul\u00e9e | sur roulettes | H : 68cm | P : 75cm | D : 35cm<\/p>\n","protected":false},"featured_media":14209,"template":"","meta":{"_acf_changed":false},"product_brand":[],"product_cat":[218],"product_tag":[],"class_list":{"0":"post-20445","1":"product","2":"type-product","3":"status-publish","4":"has-post-thumbnail","6":"product_cat-buffets","8":"first","9":"instock","10":"taxable","11":"shipping-taxable","12":"purchasable","13":"product-type-auction"},"acf":[],"_links":{"self":[{"href":"https:\/\/www.sebworld-auktionen.de\/fr\/wp-json\/wp\/v2\/product\/20445","targetHints":{"allow":["GET"]}}],"collection":[{"href":"https:\/\/www.sebworld-auktionen.de\/fr\/wp-json\/wp\/v2\/product"}],"about":[{"href":"https:\/\/www.sebworld-auktionen.de\/fr\/wp-json\/wp\/v2\/types\/product"}],"wp:featuredmedia":[{"embeddable":true,"href":"https:\/\/www.sebworld-auktionen.de\/fr\/wp-json\/wp\/v2\/media\/14209"}],"wp:attachment":[{"href":"https:\/\/www.sebworld-auktionen.de\/fr\/wp-json\/wp\/v2\/media?parent=20445"}],"wp:term":[{"taxonomy":"product_brand","embeddable":true,"href":"https:\/\/www.sebworld-auktionen.de\/fr\/wp-json\/wp\/v2\/product_brand?post=20445"},{"taxonomy":"product_cat","embeddable":true,"href":"https:\/\/www.sebworld-auktionen.de\/fr\/wp-json\/wp\/v2\/product_cat?post=20445"},{"taxonomy":"product_tag","embeddable":true,"href":"https:\/\/www.sebworld-auktionen.de\/fr\/wp-json\/wp\/v2\/product_tag?post=20445"}],"curies":[{"name":"wp","href":"https:\/\/api.w.org\/{rel}","templated":true}]}}