{"id":20604,"date":"2026-04-17T08:48:51","date_gmt":"2026-04-17T06:48:51","guid":{"rendered":"https:\/\/www.sebworld-auktionen.de\/produkt\/etagere-murale-usm-haller"},"modified":"2026-04-17T08:48:51","modified_gmt":"2026-04-17T06:48:51","slug":"etagere-murale-usm-haller","status":"publish","type":"product","link":"https:\/\/www.sebworld-auktionen.de\/fr\/lots\/etagere-murale-usm-haller","title":{"rendered":"\u00c9tag\u00e8re murale USM Haller"},"content":{"rendered":"<p>2e g\u00e9n\u00e9ration | RAL 7016 gris anthracite | 3x \u00e9tag\u00e8re interm\u00e9diaire | avec plateaux perfor\u00e9s | H : 109cm | P : 75cm | D : 35cm<\/p>\n","protected":false},"excerpt":{"rendered":"<p>2e g\u00e9n\u00e9ration | RAL 7016 gris anthracite | 3x \u00e9tag\u00e8re interm\u00e9diaire | avec plateaux perfor\u00e9s | H : 109cm | P : 75cm | D : 35cm<\/p>\n","protected":false},"featured_media":14385,"template":"","meta":{"_acf_changed":false},"product_brand":[],"product_cat":[278],"product_tag":[],"class_list":{"0":"post-20604","1":"product","2":"type-product","3":"status-publish","4":"has-post-thumbnail","6":"product_cat-etageres","8":"first","9":"instock","10":"taxable","11":"shipping-taxable","12":"purchasable","13":"product-type-auction"},"acf":[],"_links":{"self":[{"href":"https:\/\/www.sebworld-auktionen.de\/fr\/wp-json\/wp\/v2\/product\/20604","targetHints":{"allow":["GET"]}}],"collection":[{"href":"https:\/\/www.sebworld-auktionen.de\/fr\/wp-json\/wp\/v2\/product"}],"about":[{"href":"https:\/\/www.sebworld-auktionen.de\/fr\/wp-json\/wp\/v2\/types\/product"}],"wp:featuredmedia":[{"embeddable":true,"href":"https:\/\/www.sebworld-auktionen.de\/fr\/wp-json\/wp\/v2\/media\/14385"}],"wp:attachment":[{"href":"https:\/\/www.sebworld-auktionen.de\/fr\/wp-json\/wp\/v2\/media?parent=20604"}],"wp:term":[{"taxonomy":"product_brand","embeddable":true,"href":"https:\/\/www.sebworld-auktionen.de\/fr\/wp-json\/wp\/v2\/product_brand?post=20604"},{"taxonomy":"product_cat","embeddable":true,"href":"https:\/\/www.sebworld-auktionen.de\/fr\/wp-json\/wp\/v2\/product_cat?post=20604"},{"taxonomy":"product_tag","embeddable":true,"href":"https:\/\/www.sebworld-auktionen.de\/fr\/wp-json\/wp\/v2\/product_tag?post=20604"}],"curies":[{"name":"wp","href":"https:\/\/api.w.org\/{rel}","templated":true}]}}