{"id":20726,"date":"2026-04-20T08:46:40","date_gmt":"2026-04-20T06:46:40","guid":{"rendered":"https:\/\/www.sebworld-auktionen.de\/produkt\/usm-haller-desk-vitra-ea-217-cuir-noir-2"},"modified":"2026-04-20T08:46:40","modified_gmt":"2026-04-20T06:46:40","slug":"usm-haller-desk-vitra-ea-217-cuir-noir-2","status":"publish","type":"product","link":"https:\/\/www.sebworld-auktionen.de\/fr\/lots\/usm-haller-desk-vitra-ea-217-cuir-noir-2","title":{"rendered":"USM Haller Desk \/ Vitra EA 217 Cuir noir"},"content":{"rendered":"<p>Table : Linol\u00e9um | Gris | Cadre chrom\u00e9 | H : 74cm | P : 150cm | D : 75cm<br \/>\nChaise : Cuir | Noir | Cadre en aluminium poli | Accoudoirs chrom\u00e9s | H : 82cm | H : 58cm | D : environ 58cm<\/p>\n","protected":false},"excerpt":{"rendered":"<p>Table : Linol\u00e9um | Gris | Cadre chrom\u00e9 | H : 74cm | P : 150cm | D : 75cm Chaise : Cuir | Noir | Cadre en aluminium poli | Accoudoirs chrom\u00e9s | H : 82cm | H : 58cm | D : environ 58cm<\/p>\n","protected":false},"featured_media":14669,"template":"","meta":{"_acf_changed":false},"product_brand":[],"product_cat":[223],"product_tag":[],"class_list":{"0":"post-20726","1":"product","2":"type-product","3":"status-publish","4":"has-post-thumbnail","6":"product_cat-ensembles","8":"first","9":"instock","10":"taxable","11":"shipping-taxable","12":"purchasable","13":"product-type-auction"},"acf":[],"_links":{"self":[{"href":"https:\/\/www.sebworld-auktionen.de\/fr\/wp-json\/wp\/v2\/product\/20726","targetHints":{"allow":["GET"]}}],"collection":[{"href":"https:\/\/www.sebworld-auktionen.de\/fr\/wp-json\/wp\/v2\/product"}],"about":[{"href":"https:\/\/www.sebworld-auktionen.de\/fr\/wp-json\/wp\/v2\/types\/product"}],"wp:featuredmedia":[{"embeddable":true,"href":"https:\/\/www.sebworld-auktionen.de\/fr\/wp-json\/wp\/v2\/media\/14669"}],"wp:attachment":[{"href":"https:\/\/www.sebworld-auktionen.de\/fr\/wp-json\/wp\/v2\/media?parent=20726"}],"wp:term":[{"taxonomy":"product_brand","embeddable":true,"href":"https:\/\/www.sebworld-auktionen.de\/fr\/wp-json\/wp\/v2\/product_brand?post=20726"},{"taxonomy":"product_cat","embeddable":true,"href":"https:\/\/www.sebworld-auktionen.de\/fr\/wp-json\/wp\/v2\/product_cat?post=20726"},{"taxonomy":"product_tag","embeddable":true,"href":"https:\/\/www.sebworld-auktionen.de\/fr\/wp-json\/wp\/v2\/product_tag?post=20726"}],"curies":[{"name":"wp","href":"https:\/\/api.w.org\/{rel}","templated":true}]}}