{"id":20847,"date":"2026-04-20T09:15:11","date_gmt":"2026-04-20T07:15:11","guid":{"rendered":"https:\/\/www.sebworld-auktionen.de\/produkt\/tobias-grey-xt-a-floor-gris-clair"},"modified":"2026-04-20T09:15:11","modified_gmt":"2026-04-20T07:15:11","slug":"tobias-grey-xt-a-floor-gris-clair","status":"publish","type":"product","link":"https:\/\/www.sebworld-auktionen.de\/fr\/lots\/tobias-grey-xt-a-floor-gris-clair","title":{"rendered":"Tobias Grey XT A-Floor Gris clair"},"content":{"rendered":"<p>M\u00e9tal | Gris clair | Pivot de t\u00eate | Incluant 4 tubes fluorescents | H : 191cm | F (t\u00eate) : 39cm | T (t\u00eate) : 60cm | F (pied) : 70cm | T (pied) : environ 40cm <\/p>\n<p>L\u2019accessoire de l\u2019interrupteur manque | Fonctionnel lors du catalogage | Aucune garantie fonctionnelle n\u2019est donn\u00e9e.<\/p>\n","protected":false},"excerpt":{"rendered":"<p>M\u00e9tal | Gris clair | Pivot de t\u00eate | Incluant 4 tubes fluorescents | H : 191cm | F (t\u00eate) : 39cm | T (t\u00eate) : 60cm | F (pied) : 70cm | T (pied) : environ 40cm L\u2019accessoire de l\u2019interrupteur manque | Fonctionnel lors du catalogage | Aucune garantie fonctionnelle n\u2019est donn\u00e9e.<\/p>\n","protected":false},"featured_media":14701,"template":"","meta":{"_acf_changed":false},"product_brand":[],"product_cat":[208],"product_tag":[],"class_list":{"0":"post-20847","1":"product","2":"type-product","3":"status-publish","4":"has-post-thumbnail","6":"product_cat-lampes-de-pied","8":"first","9":"instock","10":"taxable","11":"shipping-taxable","12":"purchasable","13":"product-type-auction"},"acf":[],"_links":{"self":[{"href":"https:\/\/www.sebworld-auktionen.de\/fr\/wp-json\/wp\/v2\/product\/20847","targetHints":{"allow":["GET"]}}],"collection":[{"href":"https:\/\/www.sebworld-auktionen.de\/fr\/wp-json\/wp\/v2\/product"}],"about":[{"href":"https:\/\/www.sebworld-auktionen.de\/fr\/wp-json\/wp\/v2\/types\/product"}],"wp:featuredmedia":[{"embeddable":true,"href":"https:\/\/www.sebworld-auktionen.de\/fr\/wp-json\/wp\/v2\/media\/14701"}],"wp:attachment":[{"href":"https:\/\/www.sebworld-auktionen.de\/fr\/wp-json\/wp\/v2\/media?parent=20847"}],"wp:term":[{"taxonomy":"product_brand","embeddable":true,"href":"https:\/\/www.sebworld-auktionen.de\/fr\/wp-json\/wp\/v2\/product_brand?post=20847"},{"taxonomy":"product_cat","embeddable":true,"href":"https:\/\/www.sebworld-auktionen.de\/fr\/wp-json\/wp\/v2\/product_cat?post=20847"},{"taxonomy":"product_tag","embeddable":true,"href":"https:\/\/www.sebworld-auktionen.de\/fr\/wp-json\/wp\/v2\/product_tag?post=20847"}],"curies":[{"name":"wp","href":"https:\/\/api.w.org\/{rel}","templated":true}]}}