{"id":20970,"date":"2026-04-20T14:26:06","date_gmt":"2026-04-20T12:26:06","guid":{"rendered":"https:\/\/www.sebworld-auktionen.de\/produkt\/usm-haller-console-table"},"modified":"2026-04-20T14:26:06","modified_gmt":"2026-04-20T12:26:06","slug":"usm-haller-console-table","status":"publish","type":"product","link":"https:\/\/www.sebworld-auktionen.de\/fr\/lots\/usm-haller-console-table","title":{"rendered":"USM Haller Console Table"},"content":{"rendered":"<p>2e g\u00e9n\u00e9ration | RAL 1005 jaune dor\u00e9 | 2x tiroir | H : 109 cm | P : 75 cm | D : 50 cm<\/p>\n","protected":false},"excerpt":{"rendered":"<p>2e g\u00e9n\u00e9ration | RAL 1005 jaune dor\u00e9 | 2x tiroir | H : 109 cm | P : 75 cm | D : 50 cm<\/p>\n","protected":false},"featured_media":14889,"template":"","meta":{"_acf_changed":false},"product_brand":[],"product_cat":[218],"product_tag":[],"class_list":{"0":"post-20970","1":"product","2":"type-product","3":"status-publish","4":"has-post-thumbnail","6":"product_cat-buffets","8":"first","9":"instock","10":"taxable","11":"shipping-taxable","12":"purchasable","13":"product-type-auction"},"acf":[],"_links":{"self":[{"href":"https:\/\/www.sebworld-auktionen.de\/fr\/wp-json\/wp\/v2\/product\/20970","targetHints":{"allow":["GET"]}}],"collection":[{"href":"https:\/\/www.sebworld-auktionen.de\/fr\/wp-json\/wp\/v2\/product"}],"about":[{"href":"https:\/\/www.sebworld-auktionen.de\/fr\/wp-json\/wp\/v2\/types\/product"}],"wp:featuredmedia":[{"embeddable":true,"href":"https:\/\/www.sebworld-auktionen.de\/fr\/wp-json\/wp\/v2\/media\/14889"}],"wp:attachment":[{"href":"https:\/\/www.sebworld-auktionen.de\/fr\/wp-json\/wp\/v2\/media?parent=20970"}],"wp:term":[{"taxonomy":"product_brand","embeddable":true,"href":"https:\/\/www.sebworld-auktionen.de\/fr\/wp-json\/wp\/v2\/product_brand?post=20970"},{"taxonomy":"product_cat","embeddable":true,"href":"https:\/\/www.sebworld-auktionen.de\/fr\/wp-json\/wp\/v2\/product_cat?post=20970"},{"taxonomy":"product_tag","embeddable":true,"href":"https:\/\/www.sebworld-auktionen.de\/fr\/wp-json\/wp\/v2\/product_tag?post=20970"}],"curies":[{"name":"wp","href":"https:\/\/api.w.org\/{rel}","templated":true}]}}