{"id":21078,"date":"2026-04-20T14:40:28","date_gmt":"2026-04-20T12:40:28","guid":{"rendered":"https:\/\/www.sebworld-auktionen.de\/produkt\/walter-knoll-pollock-executif-en-cuir-marron-clair-2"},"modified":"2026-04-20T14:40:28","modified_gmt":"2026-04-20T12:40:28","slug":"walter-knoll-pollock-executif-en-cuir-marron-clair-2","status":"publish","type":"product","link":"https:\/\/www.sebworld-auktionen.de\/fr\/lots\/walter-knoll-pollock-executif-en-cuir-marron-clair-2","title":{"rendered":"Walter Knoll Pollock Ex\u00e9cutif en cuir marron clair"},"content":{"rendered":"<p>Cuir | Marron clair | Arri\u00e8re Bois noir | Cadre m\u00e9tallique Chrome \/ Noir | Pivot | H : 82cm | SH : 45cm | P : 65cm | D : 65cm<\/p>\n","protected":false},"excerpt":{"rendered":"<p>Cuir | Marron clair | Arri\u00e8re Bois noir | Cadre m\u00e9tallique Chrome \/ Noir | Pivot | H : 82cm | SH : 45cm | P : 65cm | D : 65cm<\/p>\n","protected":false},"featured_media":14911,"template":"","meta":{"_acf_changed":false},"product_brand":[],"product_cat":[240],"product_tag":[],"class_list":{"0":"post-21078","1":"product","2":"type-product","3":"status-publish","4":"has-post-thumbnail","6":"product_cat-chaises-visiteurs","8":"first","9":"instock","10":"taxable","11":"shipping-taxable","12":"purchasable","13":"product-type-auction"},"acf":[],"_links":{"self":[{"href":"https:\/\/www.sebworld-auktionen.de\/fr\/wp-json\/wp\/v2\/product\/21078","targetHints":{"allow":["GET"]}}],"collection":[{"href":"https:\/\/www.sebworld-auktionen.de\/fr\/wp-json\/wp\/v2\/product"}],"about":[{"href":"https:\/\/www.sebworld-auktionen.de\/fr\/wp-json\/wp\/v2\/types\/product"}],"wp:featuredmedia":[{"embeddable":true,"href":"https:\/\/www.sebworld-auktionen.de\/fr\/wp-json\/wp\/v2\/media\/14911"}],"wp:attachment":[{"href":"https:\/\/www.sebworld-auktionen.de\/fr\/wp-json\/wp\/v2\/media?parent=21078"}],"wp:term":[{"taxonomy":"product_brand","embeddable":true,"href":"https:\/\/www.sebworld-auktionen.de\/fr\/wp-json\/wp\/v2\/product_brand?post=21078"},{"taxonomy":"product_cat","embeddable":true,"href":"https:\/\/www.sebworld-auktionen.de\/fr\/wp-json\/wp\/v2\/product_cat?post=21078"},{"taxonomy":"product_tag","embeddable":true,"href":"https:\/\/www.sebworld-auktionen.de\/fr\/wp-json\/wp\/v2\/product_tag?post=21078"}],"curies":[{"name":"wp","href":"https:\/\/api.w.org\/{rel}","templated":true}]}}