{"id":21584,"date":"2026-04-23T11:30:56","date_gmt":"2026-04-23T09:30:56","guid":{"rendered":"https:\/\/www.sebworld-auktionen.de\/produkt\/table-de-conference-usm-kitos-3x-knoll-cesca-hopsak-black"},"modified":"2026-04-23T11:30:56","modified_gmt":"2026-04-23T09:30:56","slug":"table-de-conference-usm-kitos-3x-knoll-cesca-hopsak-black","status":"publish","type":"product","link":"https:\/\/www.sebworld-auktionen.de\/fr\/lots\/table-de-conference-usm-kitos-3x-knoll-cesca-hopsak-black","title":{"rendered":"Table de conf\u00e9rence USM Kitos \/ 3x Knoll Cesca Hopsak Black"},"content":{"rendered":"<p>Table : R\u00e9sine synth\u00e9tique | Noir | Cadre chrom\u00e9 | H : 103cm | \u00d8 : 100cm<br \/>\nTabourets de bar : Ensemble de 3 | Hopsak | Noir | Cadre chrom\u00e9 | H : 105cm | SH : 74cm | H : 48cm | D : 50cm<\/p>\n","protected":false},"excerpt":{"rendered":"<p>Table : R\u00e9sine synth\u00e9tique | Noir | Cadre chrom\u00e9 | H : 103cm | \u00d8 : 100cm Tabourets de bar : Ensemble de 3 | Hopsak | Noir | Cadre chrom\u00e9 | H : 105cm | SH : 74cm | H : 48cm | D : 50cm<\/p>\n","protected":false},"featured_media":15255,"template":"","meta":{"_acf_changed":false},"product_brand":[],"product_cat":[223],"product_tag":[],"class_list":{"0":"post-21584","1":"product","2":"type-product","3":"status-publish","4":"has-post-thumbnail","6":"product_cat-ensembles","8":"first","9":"instock","10":"taxable","11":"shipping-taxable","12":"purchasable","13":"product-type-auction"},"acf":[],"_links":{"self":[{"href":"https:\/\/www.sebworld-auktionen.de\/fr\/wp-json\/wp\/v2\/product\/21584","targetHints":{"allow":["GET"]}}],"collection":[{"href":"https:\/\/www.sebworld-auktionen.de\/fr\/wp-json\/wp\/v2\/product"}],"about":[{"href":"https:\/\/www.sebworld-auktionen.de\/fr\/wp-json\/wp\/v2\/types\/product"}],"wp:featuredmedia":[{"embeddable":true,"href":"https:\/\/www.sebworld-auktionen.de\/fr\/wp-json\/wp\/v2\/media\/15255"}],"wp:attachment":[{"href":"https:\/\/www.sebworld-auktionen.de\/fr\/wp-json\/wp\/v2\/media?parent=21584"}],"wp:term":[{"taxonomy":"product_brand","embeddable":true,"href":"https:\/\/www.sebworld-auktionen.de\/fr\/wp-json\/wp\/v2\/product_brand?post=21584"},{"taxonomy":"product_cat","embeddable":true,"href":"https:\/\/www.sebworld-auktionen.de\/fr\/wp-json\/wp\/v2\/product_cat?post=21584"},{"taxonomy":"product_tag","embeddable":true,"href":"https:\/\/www.sebworld-auktionen.de\/fr\/wp-json\/wp\/v2\/product_tag?post=21584"}],"curies":[{"name":"wp","href":"https:\/\/api.w.org\/{rel}","templated":true}]}}