{"id":21640,"date":"2026-04-27T13:43:36","date_gmt":"2026-04-27T11:43:36","guid":{"rendered":"https:\/\/www.sebworld-auktionen.de\/produkt\/bureau-de-niveau-regent-gris-metal-9"},"modified":"2026-04-27T13:43:36","modified_gmt":"2026-04-27T11:43:36","slug":"bureau-de-niveau-regent-gris-metal-9","status":"publish","type":"product","link":"https:\/\/www.sebworld-auktionen.de\/fr\/lots\/bureau-de-niveau-regent-gris-metal-9","title":{"rendered":"Bureau de niveau R\u00e9gent Gris M\u00e9tal"},"content":{"rendered":"<p>M\u00e9tal | Gris | avec tube fluorescent | avec capteur | H : 190cm | P : 35cm | D : 42cm<br \/>\n*Les photos montrent une lampe en exemple ; Les lampes Regent sont identiques.*<\/p>\n","protected":false},"excerpt":{"rendered":"<p>M\u00e9tal | Gris | avec tube fluorescent | avec capteur | H : 190cm | P : 35cm | D : 42cm *Les photos montrent une lampe en exemple ; Les lampes Regent sont identiques.*<\/p>\n","protected":false},"featured_media":15456,"template":"","meta":{"_acf_changed":false},"product_brand":[],"product_cat":[208],"product_tag":[],"class_list":{"0":"post-21640","1":"product","2":"type-product","3":"status-publish","4":"has-post-thumbnail","6":"product_cat-lampes-de-pied","8":"first","9":"instock","10":"taxable","11":"shipping-taxable","12":"purchasable","13":"product-type-auction"},"acf":[],"_links":{"self":[{"href":"https:\/\/www.sebworld-auktionen.de\/fr\/wp-json\/wp\/v2\/product\/21640","targetHints":{"allow":["GET"]}}],"collection":[{"href":"https:\/\/www.sebworld-auktionen.de\/fr\/wp-json\/wp\/v2\/product"}],"about":[{"href":"https:\/\/www.sebworld-auktionen.de\/fr\/wp-json\/wp\/v2\/types\/product"}],"wp:featuredmedia":[{"embeddable":true,"href":"https:\/\/www.sebworld-auktionen.de\/fr\/wp-json\/wp\/v2\/media\/15456"}],"wp:attachment":[{"href":"https:\/\/www.sebworld-auktionen.de\/fr\/wp-json\/wp\/v2\/media?parent=21640"}],"wp:term":[{"taxonomy":"product_brand","embeddable":true,"href":"https:\/\/www.sebworld-auktionen.de\/fr\/wp-json\/wp\/v2\/product_brand?post=21640"},{"taxonomy":"product_cat","embeddable":true,"href":"https:\/\/www.sebworld-auktionen.de\/fr\/wp-json\/wp\/v2\/product_cat?post=21640"},{"taxonomy":"product_tag","embeddable":true,"href":"https:\/\/www.sebworld-auktionen.de\/fr\/wp-json\/wp\/v2\/product_tag?post=21640"}],"curies":[{"name":"wp","href":"https:\/\/api.w.org\/{rel}","templated":true}]}}