{"id":21937,"date":"2026-04-13T11:40:34","date_gmt":"2026-04-13T09:40:34","guid":{"rendered":"https:\/\/www.sebworld-auktionen.de\/produkt\/ensemble-de-2-moniteurs-lenovo-hp"},"modified":"2026-04-13T11:40:34","modified_gmt":"2026-04-13T09:40:34","slug":"ensemble-de-2-moniteurs-lenovo-hp","status":"publish","type":"product","link":"https:\/\/www.sebworld-auktionen.de\/fr\/lots\/ensemble-de-2-moniteurs-lenovo-hp","title":{"rendered":"Ensemble de 2 moniteurs Lenovo \/ HP"},"content":{"rendered":"<p>Lenovo : ThinkVision T2324pA | 23&Prime; | Full HD | pivot | hauteur r\u00e9glable | sans c\u00e2ble | H : 36-47cm | P : 54cm | D : 26cm<\/p>\n<p>HP : E27q G4 | 27&Prime; | QHD | pivoter et pivoter | avec c\u00e2ble HDMI et prise r\u00e9seau | H : 39-54cm | P : 61cm | D : 22cm<\/p>\n<p>*Fonctionnalit\u00e9 non garantie | 3, 53842 Troisdorf* <\/p>\n","protected":false},"excerpt":{"rendered":"<p>Lenovo : ThinkVision T2324pA | 23&Prime; | Full HD | pivot | hauteur r\u00e9glable | sans c\u00e2ble | H : 36-47cm | P : 54cm | D : 26cm HP : E27q G4 | 27&Prime; | QHD | pivoter et pivoter | avec c\u00e2ble HDMI et prise r\u00e9seau | H : 39-54cm | P : [&hellip;]<\/p>\n","protected":false},"featured_media":13706,"template":"","meta":{"_acf_changed":false},"product_brand":[],"product_cat":[228],"product_tag":[],"class_list":{"0":"post-21937","1":"product","2":"type-product","3":"status-publish","4":"has-post-thumbnail","6":"product_cat-fournitures-de-bureau","8":"first","9":"instock","10":"taxable","11":"shipping-taxable","12":"purchasable","13":"product-type-auction"},"acf":[],"_links":{"self":[{"href":"https:\/\/www.sebworld-auktionen.de\/fr\/wp-json\/wp\/v2\/product\/21937","targetHints":{"allow":["GET"]}}],"collection":[{"href":"https:\/\/www.sebworld-auktionen.de\/fr\/wp-json\/wp\/v2\/product"}],"about":[{"href":"https:\/\/www.sebworld-auktionen.de\/fr\/wp-json\/wp\/v2\/types\/product"}],"wp:featuredmedia":[{"embeddable":true,"href":"https:\/\/www.sebworld-auktionen.de\/fr\/wp-json\/wp\/v2\/media\/13706"}],"wp:attachment":[{"href":"https:\/\/www.sebworld-auktionen.de\/fr\/wp-json\/wp\/v2\/media?parent=21937"}],"wp:term":[{"taxonomy":"product_brand","embeddable":true,"href":"https:\/\/www.sebworld-auktionen.de\/fr\/wp-json\/wp\/v2\/product_brand?post=21937"},{"taxonomy":"product_cat","embeddable":true,"href":"https:\/\/www.sebworld-auktionen.de\/fr\/wp-json\/wp\/v2\/product_cat?post=21937"},{"taxonomy":"product_tag","embeddable":true,"href":"https:\/\/www.sebworld-auktionen.de\/fr\/wp-json\/wp\/v2\/product_tag?post=21937"}],"curies":[{"name":"wp","href":"https:\/\/api.w.org\/{rel}","templated":true}]}}