{"id":22072,"date":"2026-04-13T09:53:44","date_gmt":"2026-04-13T07:53:44","guid":{"rendered":"https:\/\/www.sebworld-auktionen.de\/produkt\/platine-tournante-trepied-franken-150-x-100-cm-blanc"},"modified":"2026-04-13T09:53:44","modified_gmt":"2026-04-13T07:53:44","slug":"platine-tournante-trepied-franken-150-x-100-cm-blanc","status":"publish","type":"product","link":"https:\/\/www.sebworld-auktionen.de\/fr\/lots\/platine-tournante-trepied-franken-150-x-100-cm-blanc","title":{"rendered":"Platine tournante tr\u00e9pied FRANKEN 150 x 100 cm Blanc"},"content":{"rendered":"<p>Acier | Blanc | Cadre Gris m\u00e9tal | peut \u00eatre pivot\u00e9 horizontalement \u00e0 360\u00b0 | Magn\u00e9tique | Lavable sec \/ humide<br \/>\nDimensions totales : H : 190cm | P : 170,5cm | D : 61cm<br \/>\ntableau noir : H : 100cm | P : 150cm<\/p>\n<p>*Observation et prise en retrait : Redcarstr. 3, 53842 Troisdorf* <\/p>\n","protected":false},"excerpt":{"rendered":"<p>Acier | Blanc | Cadre Gris m\u00e9tal | peut \u00eatre pivot\u00e9 horizontalement \u00e0 360\u00b0 | Magn\u00e9tique | Lavable sec \/ humide Dimensions totales : H : 190cm | P : 170,5cm | D : 61cm tableau noir : H : 100cm | P : 150cm *Observation et prise en retrait : Redcarstr. 3, 53842 Troisdorf*<\/p>\n","protected":false},"featured_media":13666,"template":"","meta":{"_acf_changed":false},"product_brand":[],"product_cat":[228],"product_tag":[],"class_list":{"0":"post-22072","1":"product","2":"type-product","3":"status-publish","4":"has-post-thumbnail","6":"product_cat-fournitures-de-bureau","8":"first","9":"instock","10":"taxable","11":"shipping-taxable","12":"purchasable","13":"product-type-auction"},"acf":[],"_links":{"self":[{"href":"https:\/\/www.sebworld-auktionen.de\/fr\/wp-json\/wp\/v2\/product\/22072","targetHints":{"allow":["GET"]}}],"collection":[{"href":"https:\/\/www.sebworld-auktionen.de\/fr\/wp-json\/wp\/v2\/product"}],"about":[{"href":"https:\/\/www.sebworld-auktionen.de\/fr\/wp-json\/wp\/v2\/types\/product"}],"wp:featuredmedia":[{"embeddable":true,"href":"https:\/\/www.sebworld-auktionen.de\/fr\/wp-json\/wp\/v2\/media\/13666"}],"wp:attachment":[{"href":"https:\/\/www.sebworld-auktionen.de\/fr\/wp-json\/wp\/v2\/media?parent=22072"}],"wp:term":[{"taxonomy":"product_brand","embeddable":true,"href":"https:\/\/www.sebworld-auktionen.de\/fr\/wp-json\/wp\/v2\/product_brand?post=22072"},{"taxonomy":"product_cat","embeddable":true,"href":"https:\/\/www.sebworld-auktionen.de\/fr\/wp-json\/wp\/v2\/product_cat?post=22072"},{"taxonomy":"product_tag","embeddable":true,"href":"https:\/\/www.sebworld-auktionen.de\/fr\/wp-json\/wp\/v2\/product_tag?post=22072"}],"curies":[{"name":"wp","href":"https:\/\/api.w.org\/{rel}","templated":true}]}}