{"id":22121,"date":"2026-04-13T09:39:26","date_gmt":"2026-04-13T07:39:26","guid":{"rendered":"https:\/\/www.sebworld-auktionen.de\/produkt\/feuille-tableau-legamaster-sketch-reglable-en-hauteur"},"modified":"2026-04-13T09:39:26","modified_gmt":"2026-04-13T07:39:26","slug":"feuille-tableau-legamaster-sketch-reglable-en-hauteur","status":"publish","type":"product","link":"https:\/\/www.sebworld-auktionen.de\/fr\/lots\/feuille-tableau-legamaster-sketch-reglable-en-hauteur","title":{"rendered":"Feuille-tableau Legamaster Sketch r\u00e9glable en hauteur"},"content":{"rendered":"<p>Cadre m\u00e9tallique | sur roulettes | hauteur r\u00e9glable<br \/>\nDimensions totales : H : 180 &#8211; 250cm | Largeur : 62cm | \u00d8 cadre : 62cm<br \/>\nDimensions de la surface de travail : H : 103cm | Surface : 67cm<\/p>\n<p>*Observation et prise en retrait : Redcarstr. 3, 53842 Troisdorf* <\/p>\n","protected":false},"excerpt":{"rendered":"<p>Cadre m\u00e9tallique | sur roulettes | hauteur r\u00e9glable Dimensions totales : H : 180 &#8211; 250cm | Largeur : 62cm | \u00d8 cadre : 62cm Dimensions de la surface de travail : H : 103cm | Surface : 67cm *Observation et prise en retrait : Redcarstr. 3, 53842 Troisdorf*<\/p>\n","protected":false},"featured_media":13788,"template":"","meta":{"_acf_changed":false},"product_brand":[],"product_cat":[228],"product_tag":[],"class_list":{"0":"post-22121","1":"product","2":"type-product","3":"status-publish","4":"has-post-thumbnail","6":"product_cat-fournitures-de-bureau","8":"first","9":"outofstock","10":"taxable","11":"shipping-taxable","12":"purchasable","13":"product-type-auction"},"acf":[],"_links":{"self":[{"href":"https:\/\/www.sebworld-auktionen.de\/fr\/wp-json\/wp\/v2\/product\/22121","targetHints":{"allow":["GET"]}}],"collection":[{"href":"https:\/\/www.sebworld-auktionen.de\/fr\/wp-json\/wp\/v2\/product"}],"about":[{"href":"https:\/\/www.sebworld-auktionen.de\/fr\/wp-json\/wp\/v2\/types\/product"}],"wp:featuredmedia":[{"embeddable":true,"href":"https:\/\/www.sebworld-auktionen.de\/fr\/wp-json\/wp\/v2\/media\/13788"}],"wp:attachment":[{"href":"https:\/\/www.sebworld-auktionen.de\/fr\/wp-json\/wp\/v2\/media?parent=22121"}],"wp:term":[{"taxonomy":"product_brand","embeddable":true,"href":"https:\/\/www.sebworld-auktionen.de\/fr\/wp-json\/wp\/v2\/product_brand?post=22121"},{"taxonomy":"product_cat","embeddable":true,"href":"https:\/\/www.sebworld-auktionen.de\/fr\/wp-json\/wp\/v2\/product_cat?post=22121"},{"taxonomy":"product_tag","embeddable":true,"href":"https:\/\/www.sebworld-auktionen.de\/fr\/wp-json\/wp\/v2\/product_tag?post=22121"}],"curies":[{"name":"wp","href":"https:\/\/api.w.org\/{rel}","templated":true}]}}