{"id":22219,"date":"2026-04-10T14:48:50","date_gmt":"2026-04-10T12:48:50","guid":{"rendered":"https:\/\/www.sebworld-auktionen.de\/produkt\/ensemble-decoratif-avec-vases-et-buste-de-lion"},"modified":"2026-04-10T14:48:50","modified_gmt":"2026-04-10T12:48:50","slug":"ensemble-decoratif-avec-vases-et-buste-de-lion","status":"publish","type":"product","link":"https:\/\/www.sebworld-auktionen.de\/fr\/lots\/ensemble-decoratif-avec-vases-et-buste-de-lion","title":{"rendered":"Ensemble d\u00e9coratif avec vases et buste de lion"},"content":{"rendered":"<p>Ensemble d\u00e9coratif | 1x Vase avec fleur s\u00e9ch\u00e9e | 1x Vase | 1x Buste de lion<\/p>\n","protected":false},"excerpt":{"rendered":"<p>Ensemble d\u00e9coratif | 1x Vase avec fleur s\u00e9ch\u00e9e | 1x Vase | 1x Buste de lion<\/p>\n","protected":false},"featured_media":13635,"template":"","meta":{"_acf_changed":false},"product_brand":[],"product_cat":[251],"product_tag":[],"class_list":{"0":"post-22219","1":"product","2":"type-product","3":"status-publish","4":"has-post-thumbnail","6":"product_cat-decoration","8":"first","9":"outofstock","10":"taxable","11":"shipping-taxable","12":"purchasable","13":"product-type-auction"},"acf":[],"_links":{"self":[{"href":"https:\/\/www.sebworld-auktionen.de\/fr\/wp-json\/wp\/v2\/product\/22219","targetHints":{"allow":["GET"]}}],"collection":[{"href":"https:\/\/www.sebworld-auktionen.de\/fr\/wp-json\/wp\/v2\/product"}],"about":[{"href":"https:\/\/www.sebworld-auktionen.de\/fr\/wp-json\/wp\/v2\/types\/product"}],"wp:featuredmedia":[{"embeddable":true,"href":"https:\/\/www.sebworld-auktionen.de\/fr\/wp-json\/wp\/v2\/media\/13635"}],"wp:attachment":[{"href":"https:\/\/www.sebworld-auktionen.de\/fr\/wp-json\/wp\/v2\/media?parent=22219"}],"wp:term":[{"taxonomy":"product_brand","embeddable":true,"href":"https:\/\/www.sebworld-auktionen.de\/fr\/wp-json\/wp\/v2\/product_brand?post=22219"},{"taxonomy":"product_cat","embeddable":true,"href":"https:\/\/www.sebworld-auktionen.de\/fr\/wp-json\/wp\/v2\/product_cat?post=22219"},{"taxonomy":"product_tag","embeddable":true,"href":"https:\/\/www.sebworld-auktionen.de\/fr\/wp-json\/wp\/v2\/product_tag?post=22219"}],"curies":[{"name":"wp","href":"https:\/\/api.w.org\/{rel}","templated":true}]}}