{"id":22568,"date":"2026-04-16T10:46:13","date_gmt":"2026-04-16T08:46:13","guid":{"rendered":"https:\/\/www.sebworld-auktionen.de\/produkt\/ensemble-de-table-de-conference-maro-8x-chaises-visiteurs-en-acier"},"modified":"2026-04-16T10:46:13","modified_gmt":"2026-04-16T08:46:13","slug":"ensemble-de-table-de-conference-maro-8x-chaises-visiteurs-en-acier","status":"publish","type":"product","link":"https:\/\/www.sebworld-auktionen.de\/fr\/lots\/ensemble-de-table-de-conference-maro-8x-chaises-visiteurs-en-acier","title":{"rendered":"Ensemble de table de conf\u00e9rence Maro + 8x chaises visiteurs en acier"},"content":{"rendered":"<p>Table : R\u00e9sine synth\u00e9tique | Blanc | Cadre m\u00e9tallique gris | H : 73cm | P : 220cm | D : 100cm<br \/>\nChaises : Acier | chrom\u00e9 | Coussin d\u2019assise Hopsak Black | H : 85cm | SH : 43cm | H : 49cm | D : 51cm<\/p>\n<p>*Observation et prise en retrait : Redcarstr. 3, 53842 Troisdorf* <\/p>\n","protected":false},"excerpt":{"rendered":"<p>Table : R\u00e9sine synth\u00e9tique | Blanc | Cadre m\u00e9tallique gris | H : 73cm | P : 220cm | D : 100cm Chaises : Acier | chrom\u00e9 | Coussin d\u2019assise Hopsak Black | H : 85cm | SH : 43cm | H : 49cm | D : 51cm *Observation et prise en retrait : Redcarstr. [&hellip;]<\/p>\n","protected":false},"featured_media":14116,"template":"","meta":{"_acf_changed":false},"product_brand":[],"product_cat":[223],"product_tag":[],"class_list":{"0":"post-22568","1":"product","2":"type-product","3":"status-publish","4":"has-post-thumbnail","6":"product_cat-ensembles","8":"first","9":"instock","10":"taxable","11":"shipping-taxable","12":"purchasable","13":"product-type-auction"},"acf":[],"_links":{"self":[{"href":"https:\/\/www.sebworld-auktionen.de\/fr\/wp-json\/wp\/v2\/product\/22568","targetHints":{"allow":["GET"]}}],"collection":[{"href":"https:\/\/www.sebworld-auktionen.de\/fr\/wp-json\/wp\/v2\/product"}],"about":[{"href":"https:\/\/www.sebworld-auktionen.de\/fr\/wp-json\/wp\/v2\/types\/product"}],"wp:featuredmedia":[{"embeddable":true,"href":"https:\/\/www.sebworld-auktionen.de\/fr\/wp-json\/wp\/v2\/media\/14116"}],"wp:attachment":[{"href":"https:\/\/www.sebworld-auktionen.de\/fr\/wp-json\/wp\/v2\/media?parent=22568"}],"wp:term":[{"taxonomy":"product_brand","embeddable":true,"href":"https:\/\/www.sebworld-auktionen.de\/fr\/wp-json\/wp\/v2\/product_brand?post=22568"},{"taxonomy":"product_cat","embeddable":true,"href":"https:\/\/www.sebworld-auktionen.de\/fr\/wp-json\/wp\/v2\/product_cat?post=22568"},{"taxonomy":"product_tag","embeddable":true,"href":"https:\/\/www.sebworld-auktionen.de\/fr\/wp-json\/wp\/v2\/product_tag?post=22568"}],"curies":[{"name":"wp","href":"https:\/\/api.w.org\/{rel}","templated":true}]}}