{"id":23413,"date":"2026-04-22T16:19:56","date_gmt":"2026-04-22T14:19:56","guid":{"rendered":"https:\/\/www.sebworld-auktionen.de\/produkt\/2x-walter-knoll-369-cuir-marron-table-segmentee-vitra-resine-synthetique-noire"},"modified":"2026-04-22T16:19:56","modified_gmt":"2026-04-22T14:19:56","slug":"2x-walter-knoll-369-cuir-marron-table-segmentee-vitra-resine-synthetique-noire","status":"publish","type":"product","link":"https:\/\/www.sebworld-auktionen.de\/fr\/lots\/2x-walter-knoll-369-cuir-marron-table-segmentee-vitra-resine-synthetique-noire","title":{"rendered":"2x Walter Knoll 369 cuir marron + table segment\u00e9e Vitra R\u00e9sine synth\u00e9tique noire"},"content":{"rendered":"<p>Table : R\u00e9sine synth\u00e9tique | Noir | Cadre chrom\u00e9 | H : 45cm | \u00d8 : 90cm<br \/>\nFauteuil : Ensemble de 2 | Cuir | Marron | Cadre m\u00e9tallique noir | H : 70cm | SH : 42cm | H : 72cm | D : 68cm<\/p>\n","protected":false},"excerpt":{"rendered":"<p>Table : R\u00e9sine synth\u00e9tique | Noir | Cadre chrom\u00e9 | H : 45cm | \u00d8 : 90cm Fauteuil : Ensemble de 2 | Cuir | Marron | Cadre m\u00e9tallique noir | H : 70cm | SH : 42cm | H : 72cm | D : 68cm<\/p>\n","protected":false},"featured_media":15129,"template":"","meta":{"_acf_changed":false},"product_brand":[],"product_cat":[223],"product_tag":[],"class_list":{"0":"post-23413","1":"product","2":"type-product","3":"status-publish","4":"has-post-thumbnail","6":"product_cat-ensembles","8":"first","9":"instock","10":"taxable","11":"shipping-taxable","12":"purchasable","13":"product-type-auction"},"acf":[],"_links":{"self":[{"href":"https:\/\/www.sebworld-auktionen.de\/fr\/wp-json\/wp\/v2\/product\/23413","targetHints":{"allow":["GET"]}}],"collection":[{"href":"https:\/\/www.sebworld-auktionen.de\/fr\/wp-json\/wp\/v2\/product"}],"about":[{"href":"https:\/\/www.sebworld-auktionen.de\/fr\/wp-json\/wp\/v2\/types\/product"}],"wp:featuredmedia":[{"embeddable":true,"href":"https:\/\/www.sebworld-auktionen.de\/fr\/wp-json\/wp\/v2\/media\/15129"}],"wp:attachment":[{"href":"https:\/\/www.sebworld-auktionen.de\/fr\/wp-json\/wp\/v2\/media?parent=23413"}],"wp:term":[{"taxonomy":"product_brand","embeddable":true,"href":"https:\/\/www.sebworld-auktionen.de\/fr\/wp-json\/wp\/v2\/product_brand?post=23413"},{"taxonomy":"product_cat","embeddable":true,"href":"https:\/\/www.sebworld-auktionen.de\/fr\/wp-json\/wp\/v2\/product_cat?post=23413"},{"taxonomy":"product_tag","embeddable":true,"href":"https:\/\/www.sebworld-auktionen.de\/fr\/wp-json\/wp\/v2\/product_tag?post=23413"}],"curies":[{"name":"wp","href":"https:\/\/api.w.org\/{rel}","templated":true}]}}