{"id":23487,"date":"2026-04-22T16:25:02","date_gmt":"2026-04-22T14:25:02","guid":{"rendered":"https:\/\/www.sebworld-auktionen.de\/produkt\/2x-walter-knoll-369-cuir-marron-vitra-resine-de-table-segmentee-blanc"},"modified":"2026-04-22T16:25:02","modified_gmt":"2026-04-22T14:25:02","slug":"2x-walter-knoll-369-cuir-marron-vitra-resine-de-table-segmentee-blanc","status":"publish","type":"product","link":"https:\/\/www.sebworld-auktionen.de\/fr\/lots\/2x-walter-knoll-369-cuir-marron-vitra-resine-de-table-segmentee-blanc","title":{"rendered":"2x Walter Knoll 369 cuir marron + Vitra r\u00e9sine de table segment\u00e9e blanc"},"content":{"rendered":"<p>Table : R\u00e9sine synth\u00e9tique | Blanc | Cadre chrom\u00e9 | H : 58cm | H : 60cm | D : 60cm<br \/>\nFauteuil : Ensemble de 2 | Cuir | Marron | Cadre m\u00e9tallique noir | H : 70cm | SH : 42cm | P : 72cm | D : 68cm<\/p>\n","protected":false},"excerpt":{"rendered":"<p>Table : R\u00e9sine synth\u00e9tique | Blanc | Cadre chrom\u00e9 | H : 58cm | H : 60cm | D : 60cm Fauteuil : Ensemble de 2 | Cuir | Marron | Cadre m\u00e9tallique noir | H : 70cm | SH : 42cm | P : 72cm | D : 68cm<\/p>\n","protected":false},"featured_media":15137,"template":"","meta":{"_acf_changed":false},"product_brand":[],"product_cat":[223],"product_tag":[],"class_list":{"0":"post-23487","1":"product","2":"type-product","3":"status-publish","4":"has-post-thumbnail","6":"product_cat-ensembles","8":"first","9":"instock","10":"taxable","11":"shipping-taxable","12":"purchasable","13":"product-type-auction"},"acf":[],"_links":{"self":[{"href":"https:\/\/www.sebworld-auktionen.de\/fr\/wp-json\/wp\/v2\/product\/23487","targetHints":{"allow":["GET"]}}],"collection":[{"href":"https:\/\/www.sebworld-auktionen.de\/fr\/wp-json\/wp\/v2\/product"}],"about":[{"href":"https:\/\/www.sebworld-auktionen.de\/fr\/wp-json\/wp\/v2\/types\/product"}],"wp:featuredmedia":[{"embeddable":true,"href":"https:\/\/www.sebworld-auktionen.de\/fr\/wp-json\/wp\/v2\/media\/15137"}],"wp:attachment":[{"href":"https:\/\/www.sebworld-auktionen.de\/fr\/wp-json\/wp\/v2\/media?parent=23487"}],"wp:term":[{"taxonomy":"product_brand","embeddable":true,"href":"https:\/\/www.sebworld-auktionen.de\/fr\/wp-json\/wp\/v2\/product_brand?post=23487"},{"taxonomy":"product_cat","embeddable":true,"href":"https:\/\/www.sebworld-auktionen.de\/fr\/wp-json\/wp\/v2\/product_cat?post=23487"},{"taxonomy":"product_tag","embeddable":true,"href":"https:\/\/www.sebworld-auktionen.de\/fr\/wp-json\/wp\/v2\/product_tag?post=23487"}],"curies":[{"name":"wp","href":"https:\/\/api.w.org\/{rel}","templated":true}]}}