{"id":24444,"date":"2026-04-28T08:48:41","date_gmt":"2026-04-28T06:48:41","guid":{"rendered":"https:\/\/www.sebworld-auktionen.de\/produkt\/tissu-actiu-stay-noir-en-maille-2"},"modified":"2026-04-28T08:48:41","modified_gmt":"2026-04-28T06:48:41","slug":"tissu-actiu-stay-noir-en-maille-2","status":"publish","type":"product","link":"https:\/\/www.sebworld-auktionen.de\/fr\/lots\/tissu-actiu-stay-noir-en-maille-2","title":{"rendered":"Tissu Actiu STAY \/ Noir en maille"},"content":{"rendered":"<p>Tissu \/ Filet | Noir | Base 5 \u00e9toiles sur les castors | avec accoudoirs 2D | R\u00e9glage de la profondeur et de la hauteur des si\u00e8ges | avec fonction<br \/>\nbascule verrouillable avec soutien lombaire r\u00e9glable | H : 92,5-104,5 cm | SH : 44-56 cm | P : 63cm | T : 52-60 cm<\/p>\n","protected":false},"excerpt":{"rendered":"<p>Tissu \/ Filet | Noir | Base 5 \u00e9toiles sur les castors | avec accoudoirs 2D | R\u00e9glage de la profondeur et de la hauteur des si\u00e8ges | avec fonction bascule verrouillable avec soutien lombaire r\u00e9glable | H : 92,5-104,5 cm | SH : 44-56 cm | P : 63cm | T : 52-60 cm<\/p>\n","protected":false},"featured_media":23785,"template":"","meta":{"_acf_changed":false},"product_brand":[],"product_cat":[185],"product_tag":[],"class_list":{"0":"post-24444","1":"product","2":"type-product","3":"status-publish","4":"has-post-thumbnail","6":"product_cat-chaises-pivotantes-de-bureau","8":"first","9":"instock","10":"taxable","11":"shipping-taxable","12":"purchasable","13":"product-type-auction"},"acf":[],"_links":{"self":[{"href":"https:\/\/www.sebworld-auktionen.de\/fr\/wp-json\/wp\/v2\/product\/24444","targetHints":{"allow":["GET"]}}],"collection":[{"href":"https:\/\/www.sebworld-auktionen.de\/fr\/wp-json\/wp\/v2\/product"}],"about":[{"href":"https:\/\/www.sebworld-auktionen.de\/fr\/wp-json\/wp\/v2\/types\/product"}],"wp:featuredmedia":[{"embeddable":true,"href":"https:\/\/www.sebworld-auktionen.de\/fr\/wp-json\/wp\/v2\/media\/23785"}],"wp:attachment":[{"href":"https:\/\/www.sebworld-auktionen.de\/fr\/wp-json\/wp\/v2\/media?parent=24444"}],"wp:term":[{"taxonomy":"product_brand","embeddable":true,"href":"https:\/\/www.sebworld-auktionen.de\/fr\/wp-json\/wp\/v2\/product_brand?post=24444"},{"taxonomy":"product_cat","embeddable":true,"href":"https:\/\/www.sebworld-auktionen.de\/fr\/wp-json\/wp\/v2\/product_cat?post=24444"},{"taxonomy":"product_tag","embeddable":true,"href":"https:\/\/www.sebworld-auktionen.de\/fr\/wp-json\/wp\/v2\/product_tag?post=24444"}],"curies":[{"name":"wp","href":"https:\/\/api.w.org\/{rel}","templated":true}]}}