{"id":15793,"date":"2026-04-27T17:24:13","date_gmt":"2026-04-27T15:24:13","guid":{"rendered":"https:\/\/www.sebworld-auktionen.de\/produkt\/ingelijste-kunstdruk-robert-delaunay-les-fenetres-simultanees-sur-la-ville"},"modified":"2026-04-27T17:24:13","modified_gmt":"2026-04-27T15:24:13","slug":"ingelijste-kunstdruk-robert-delaunay-les-fenetres-simultanees-sur-la-ville","status":"publish","type":"product","link":"https:\/\/www.sebworld-auktionen.de\/nl\/loten\/ingelijste-kunstdruk-robert-delaunay-les-fenetres-simultanees-sur-la-ville","title":{"rendered":"Ingelijste kunstdruk &#8220;Robert Delaunay &#8211; Les Fen\u00eatres simultan\u00e9es sur la ville&#8221;"},"content":{"rendered":"<p>Robert Delaunay &#8211; Les Fen\u00eatres simultan\u00e9es sur la ville, 1912-1913<br \/>\nDruk op papier | Metalen frame | H: 90cm | W: 70cm<\/p>\n","protected":false},"excerpt":{"rendered":"<p>Robert Delaunay &#8211; Les Fen\u00eatres simultan\u00e9es sur la ville, 1912-1913 Druk op papier | Metalen frame | H: 90cm | W: 70cm<\/p>\n","protected":false},"featured_media":15772,"template":"","meta":{"_acf_changed":false},"product_brand":[],"product_cat":[193],"product_tag":[],"class_list":{"0":"post-15793","1":"product","2":"type-product","3":"status-publish","4":"has-post-thumbnail","6":"product_cat-schilderijen","8":"first","9":"instock","10":"taxable","11":"shipping-taxable","12":"purchasable","13":"product-type-auction"},"acf":[],"_links":{"self":[{"href":"https:\/\/www.sebworld-auktionen.de\/nl\/wp-json\/wp\/v2\/product\/15793","targetHints":{"allow":["GET"]}}],"collection":[{"href":"https:\/\/www.sebworld-auktionen.de\/nl\/wp-json\/wp\/v2\/product"}],"about":[{"href":"https:\/\/www.sebworld-auktionen.de\/nl\/wp-json\/wp\/v2\/types\/product"}],"wp:featuredmedia":[{"embeddable":true,"href":"https:\/\/www.sebworld-auktionen.de\/nl\/wp-json\/wp\/v2\/media\/15772"}],"wp:attachment":[{"href":"https:\/\/www.sebworld-auktionen.de\/nl\/wp-json\/wp\/v2\/media?parent=15793"}],"wp:term":[{"taxonomy":"product_brand","embeddable":true,"href":"https:\/\/www.sebworld-auktionen.de\/nl\/wp-json\/wp\/v2\/product_brand?post=15793"},{"taxonomy":"product_cat","embeddable":true,"href":"https:\/\/www.sebworld-auktionen.de\/nl\/wp-json\/wp\/v2\/product_cat?post=15793"},{"taxonomy":"product_tag","embeddable":true,"href":"https:\/\/www.sebworld-auktionen.de\/nl\/wp-json\/wp\/v2\/product_tag?post=15793"}],"curies":[{"name":"wp","href":"https:\/\/api.w.org\/{rel}","templated":true}]}}