{"id":21903,"date":"2026-04-13T10:24:32","date_gmt":"2026-04-13T08:24:32","guid":{"rendered":"https:\/\/www.sebworld-auktionen.de\/produkt\/ingelijste-kunstprent-joan-miro-le-lezard-aux-plumes-dor"},"modified":"2026-04-13T10:24:32","modified_gmt":"2026-04-13T08:24:32","slug":"ingelijste-kunstprent-joan-miro-le-lezard-aux-plumes-dor","status":"publish","type":"product","link":"https:\/\/www.sebworld-auktionen.de\/nl\/loten\/ingelijste-kunstprent-joan-miro-le-lezard-aux-plumes-dor","title":{"rendered":"Ingelijste kunstprent &#8220;Joan Mir\u00f3 &#8211; Le L\u00e9zard aux plumes d&#8217;or&#8221;"},"content":{"rendered":"<p>Joan Mir\u00f3 &#8211; Le L\u00e9zard aux plumes d&#8217;or, 1971<br \/>\nPrint op papier | zwarte houten lijst | H: 76cm | W: 205cm<br \/>\nPrint uit 1993<\/p>\n<p>*Bekijken &amp; Ophalen: Redcarstr. 3, 53842 Troisdorf* <\/p>\n","protected":false},"excerpt":{"rendered":"<p>Joan Mir\u00f3 &#8211; Le L\u00e9zard aux plumes d&#8217;or, 1971 Print op papier | zwarte houten lijst | H: 76cm | W: 205cm Print uit 1993 *Bekijken &amp; Ophalen: Redcarstr. 3, 53842 Troisdorf*<\/p>\n","protected":false},"featured_media":13902,"template":"","meta":{"_acf_changed":false},"product_brand":[],"product_cat":[193],"product_tag":[],"class_list":{"0":"post-21903","1":"product","2":"type-product","3":"status-publish","4":"has-post-thumbnail","6":"product_cat-schilderijen","8":"first","9":"instock","10":"taxable","11":"shipping-taxable","12":"purchasable","13":"product-type-auction"},"acf":[],"_links":{"self":[{"href":"https:\/\/www.sebworld-auktionen.de\/nl\/wp-json\/wp\/v2\/product\/21903","targetHints":{"allow":["GET"]}}],"collection":[{"href":"https:\/\/www.sebworld-auktionen.de\/nl\/wp-json\/wp\/v2\/product"}],"about":[{"href":"https:\/\/www.sebworld-auktionen.de\/nl\/wp-json\/wp\/v2\/types\/product"}],"wp:featuredmedia":[{"embeddable":true,"href":"https:\/\/www.sebworld-auktionen.de\/nl\/wp-json\/wp\/v2\/media\/13902"}],"wp:attachment":[{"href":"https:\/\/www.sebworld-auktionen.de\/nl\/wp-json\/wp\/v2\/media?parent=21903"}],"wp:term":[{"taxonomy":"product_brand","embeddable":true,"href":"https:\/\/www.sebworld-auktionen.de\/nl\/wp-json\/wp\/v2\/product_brand?post=21903"},{"taxonomy":"product_cat","embeddable":true,"href":"https:\/\/www.sebworld-auktionen.de\/nl\/wp-json\/wp\/v2\/product_cat?post=21903"},{"taxonomy":"product_tag","embeddable":true,"href":"https:\/\/www.sebworld-auktionen.de\/nl\/wp-json\/wp\/v2\/product_tag?post=21903"}],"curies":[{"name":"wp","href":"https:\/\/api.w.org\/{rel}","templated":true}]}}