{"id":12337,"date":"2026-02-16T16:24:53","date_gmt":"2026-02-16T15:24:53","guid":{"rendered":"https:\/\/www.sebworld-auktionen.de\/leveransservice"},"modified":"2026-04-08T15:22:08","modified_gmt":"2026-04-08T13:22:08","slug":"leveransservice","status":"publish","type":"page","link":"https:\/\/www.sebworld-auktionen.de\/sv\/leveransservice","title":{"rendered":"Leveransservice"},"content":{"rendered":"\n<h1 class=\"wp-block-heading\">Leveransservice genom partner\u00e5kerier<\/h1>\n\n<p>Vi \u00e4r glada att kunna rekommendera f\u00f6ljande externa \u00e5kerier.  <br\/>Du kan helt enkelt fr\u00e5ga om dem och best\u00e4lla leverans.<\/p>\n\n<p><strong>TDS &#8211; Transportdienste Stra\u00dfburg (verksamt i hela Tyskland)<\/strong><br\/>Timo Mark Stra\u00dfburg<br\/>Heider Chaussee 30<br\/>29451 Dannenberg<br\/>Tel.: 0174 \/ 7507185<br\/>E-mail: info@tstransportdienste.de<\/p>\n\n<p><strong>Lastentaxi D\u00fcsseldorf (verksam i hela Tyskland)<\/strong><br\/>Erkrather Str. 296<br\/>40231 D\u00fcsseldorf<br\/>Tel.: 0211 \/ 7119789<br\/>Mobil: 0172 \/ 6179741<br\/>E-Mail: info@lastentaxi-duesseldorf.de<\/p>\n\n<p><strong>Lastentaxi K\u00f6ln (aktiv i NRW)<br\/><\/strong>Luxemburger Str. 266<br\/>50937 K\u00f6ln<br\/>Mobil: 0152 \/ 31844481<br\/>E-post: moebelkutsche@gmail.com<\/p>\n\n<p><strong>TD Deluxe<\/strong><br\/>Donatusstr. 102<br\/>50259 Pulheim<br\/>Mobil: 0176 107 165 15<br\/>E-post: info@transportdienste-deluxe.de<\/p>\n\n<p><strong>V\u00e5r tj\u00e4nst Mobil Partner<br\/><\/strong><em>(till- och ombyggnader av befintliga USM-m\u00f6bler<\/em>)<br\/>TD Deluxe<br\/>Donatusstr. 102<br\/>50259 Pulheim<br\/>Mobil: 0176 107 165 15<br\/>E-post: s.deyna@transportdienste-deluxe.de<\/p>\n","protected":false},"excerpt":{"rendered":"<p>Leveransservice genom partner\u00e5kerier Vi \u00e4r glada att kunna rekommendera f\u00f6ljande externa \u00e5kerier. Du kan helt enkelt fr\u00e5ga om dem och best\u00e4lla leverans. TDS &#8211; Transportdienste Stra\u00dfburg (verksamt i hela Tyskland)Timo Mark Stra\u00dfburgHeider Chaussee 3029451 DannenbergTel.: 0174 \/ 7507185E-mail: info@tstransportdienste.de Lastentaxi D\u00fcsseldorf (verksam i hela Tyskland)Erkrather Str. 29640231 D\u00fcsseldorfTel.: 0211 \/ 7119789Mobil: 0172 \/ 6179741E-Mail: info@lastentaxi-duesseldorf.de [&hellip;]<\/p>\n","protected":false},"author":1,"featured_media":0,"parent":0,"menu_order":0,"comment_status":"closed","ping_status":"closed","template":"","meta":{"_acf_changed":false,"footnotes":""},"class_list":["post-12337","page","type-page","status-publish","hentry"],"acf":[],"_links":{"self":[{"href":"https:\/\/www.sebworld-auktionen.de\/sv\/wp-json\/wp\/v2\/pages\/12337","targetHints":{"allow":["GET"]}}],"collection":[{"href":"https:\/\/www.sebworld-auktionen.de\/sv\/wp-json\/wp\/v2\/pages"}],"about":[{"href":"https:\/\/www.sebworld-auktionen.de\/sv\/wp-json\/wp\/v2\/types\/page"}],"author":[{"embeddable":true,"href":"https:\/\/www.sebworld-auktionen.de\/sv\/wp-json\/wp\/v2\/users\/1"}],"replies":[{"embeddable":true,"href":"https:\/\/www.sebworld-auktionen.de\/sv\/wp-json\/wp\/v2\/comments?post=12337"}],"version-history":[{"count":1,"href":"https:\/\/www.sebworld-auktionen.de\/sv\/wp-json\/wp\/v2\/pages\/12337\/revisions"}],"predecessor-version":[{"id":12338,"href":"https:\/\/www.sebworld-auktionen.de\/sv\/wp-json\/wp\/v2\/pages\/12337\/revisions\/12338"}],"wp:attachment":[{"href":"https:\/\/www.sebworld-auktionen.de\/sv\/wp-json\/wp\/v2\/media?parent=12337"}],"curies":[{"name":"wp","href":"https:\/\/api.w.org\/{rel}","templated":true}]}}