{"id":12361,"date":"2025-05-12T14:52:21","date_gmt":"2025-05-12T12:52:21","guid":{"rendered":"https:\/\/www.sebworld-auktionen.de\/kontakta-oss"},"modified":"2026-04-08T15:22:47","modified_gmt":"2026-04-08T13:22:47","slug":"kontakta-oss","status":"publish","type":"page","link":"https:\/\/www.sebworld-auktionen.de\/sv\/kontakta-oss","title":{"rendered":"Kontakta oss"},"content":{"rendered":"\n<p><strong>Sebworld Auktioner<\/strong><br\/>Bonner Stra\u00dfe 40<br\/>53842 Troisdorf<br\/>Tyskland<\/p>\n\n<p><strong>Support:<\/strong> +49 160 18 17 696<br\/><strong>E-post:<\/strong> <a href=\"mailto:info@sebworld-auktionen.de\">info@sebworld-auktionen.de<\/a><\/p>\n\n<p>H\u00e4r kan du som privatperson eller mindre f\u00f6retagskund l\u00e4mna in produkter f\u00f6r auktion. Vi kommer att besvara din f\u00f6rfr\u00e5gan s\u00e5 snart som m\u00f6jligt <\/p>\n\n<h3 class=\"wp-block-heading\">Kontaktformul\u00e4r f\u00f6r f\u00f6rfr\u00e5gningar<\/h3>\n<form method=\"post\" class=\"acfe-form\" data-cid=\"69d6a186dfbf0\">\t<div id=\"acf-form-data\" class=\"acf-hidden\">\n\t\t<input type=\"hidden\" id=\"_acf_screen\" name=\"_acf_screen\" value=\"acfe_form\"\/><input type=\"hidden\" id=\"_acf_post_id\" name=\"_acf_post_id\" value=\"12361\"\/><input type=\"hidden\" id=\"_acf_validation\" name=\"_acf_validation\" value=\"1\"\/><input type=\"hidden\" id=\"_acf_form\" name=\"_acf_form\" value=\"VnRVaDdlVTdGWnFJMjcxbFR3T0FkUEpuL2ZjalgyejhJZjZmcG5tL2F6Mk5vb0gxd3BkQnJaOHl1ZExhcmhxY2NZS3dlUXU2aVN2WEczQVROQlkxbUJUSFowWjE0VU5HTkFnOGtTaW11K2FQVTNBS3QwZnZ0c1NwbkJ4dDlDamNvYi9SOC9ZZUkxYllYQzhORnhBeThwK2NmQzl4RGdyWkJRelFkN0lsNzVSdWJrbytQb1VOMlN5ZlFaTEl6aWRFaTNYMXUzdzlDOWR1dDFiam45b3lyUi9JbUtLMGdTbnRkYU9hTDlBOS93Z1VvSkxKWUU3ekR2K2JKQ0syUitrcTkyNFIrRjVzV1REVzR5cDRJNWd1MVhjMGxaVkxiZ1BUeFFvR0diTkZjdjZLTk5XMDR5SzdwVVpnTWw4YnE1aHpUYnBjMjRwRFQ2aTlMSlQ0a2JSOUhBNUdEL2lacmljWDhiYW0zYzlueHBjb3BrckV2UFNZSEpTQmR3cS9MZElPamVHZzFtcUNCTCtVWmd6Y0F3cXVIckJFcDBuWnpBQ3JwaU9zclhNRUJrOGdxYTBQckZobGlYTHprbW9kSExmK3VGU05DQVFGSmZZSDlSQTEwUHlNL25oTlZlcDJyTVdUSmRxcWhhRlgzcXR6cW1vR3J6S0pucXlFRkhCaGxTRHlWV1dxYnBpVnhTak5ZKzgyRGg2MjN3NE02QWFFQjg3eEJrbUYwZ3gvNkorRnFjNkM1dTJuOWVOYjRqaXBWNFZzRzZ2eW05ZjdqME5WRElJbmVaZ3pkOXQ4alV5Z1ViNUdjcmQzdE51a0NvTjJ3ZGNkMHRVbUpoa05wYVIvRnlPc0d3U29aYVNCOEFUUGVQTDlsZDBGd1lMRGltSjh1SzJuakhORVNZRlZ4SktaWDFJNnd0RTZjcWFlT01McHB3Ri9RVThFQXpGN29JMS80YXVRclNQaTZCVjRlSTdQRE5kRURaRmVwZHBKSVEyNDdtc05vdm1SOGFNOHJVR0xodFVtcmF5bng5dGNYdGkyZEtEUDdNWkxCNHREcXBUOWYrdDhRbmpGZWhjNEVGK2pzNFlxVU5CdEZ0MUxYRVJTTmR6UndwQU1XRWE5OXA1R2xnK3I0ejk5U1gwWC9vbG0wOWlQL3NaUzhIelE5TG9tWVFjVmFFajBUMXpZR09QdkRkYlJlMVMwOXhIclA1eU9rVzVGMHUzbTZlWGpxeVA2L0d1bW12bTA3VDA3eXNFNVhoQ3RVMGNoRzVuUjFYSDdpSFZUcS9aVGsyVVZENFVwSmNWNGE5TWVBZHJ4ZmZKbENvU3pUODF0bDA5Y1JMUDZWUUVmdWlndWo0dmNrUXpZbXdXS1BKUC8wYjF3MkJ3ZEJUUVQ5L2pDc2E1KzV5N2hKUklubTI3YzhUSFlFSGcxTGV5dmF6MEtxL3ZKbFMzd0J3NnFwVVB6OS9sNHNJU2hScjFaY0FvaUFTbmxyWkdSeXhBeE5RZW5qdFU3dUhyTG1TMU1jamZvYmFma1psZlZRcDkvQW9laGlYdXBwSHNmT2tDUE94a2s1eXZiWGtiRzhyWk1VUE54QmlUT2dMY28wMTZyTEcwVTBGUlJwRXR1SFlTWUZIVTlkNnB5bnFjM05rOVU5dXJIdGwzYXZpNVBvTFpvTndPVDZzYkdiNFNwdEtCc2dCZk5sSDdGa21aOFR1MjMycGNabDFYV2o4QkZTaE45RDNoL3RrU0plZjV3elYyR3hGNFVnR1ZzNDNTVVFDd21UU0oySXhCMk5RYURNY29FVnd6MUFIQ1RMaExGMGVWOFRZV0hidFBEenNSQkRXVVJLeHQ4Y2xWNHdLdXZFenloMFVMaHRFVUs4VW1KM0kzak04OG1lSWFucVhSMW5xdzBrcEU4aXpVbE9aM1dlc3JKcGd0YUhDd2JHeUZkWVFlVy80SWV5KzZsUXlhei9ZZUFXaUd0blNIMktOdTYzNlNjTURwUE85MVlZWTUwaURzc3ZIZ210NWVlRFNRSXVaWE4zUVFhRWlpVjBhMCtuaXhGOjqaQHSrmtzacI0nhPlyyTli\"\/><input type=\"hidden\" id=\"_acf_nonce\" name=\"_acf_nonce\" value=\"c1f93c50fd\"\/><input type=\"hidden\" id=\"_acf_changed\" name=\"_acf_changed\" value=\"0\"\/><input type=\"hidden\" id=\"_acf_location[post_id]\" name=\"_acf_location[post_id]\" value=\"12361\"\/>\t<\/div>\n\t<div class=\"acf-fields acf-form-fields -top\"><div class=\"acf-field acf-field-text acf-field--validate-email\" style=\"display:none !important;\" data-name=\"_validate_email\" data-type=\"text\" data-key=\"_validate_email\">\n<div class=\"acf-label\">\n<label for=\"acf-_validate_email\">Validera e-post<\/label><\/div>\n<div class=\"acf-input\">\n<div class=\"acf-input-wrap\"><input type=\"text\" id=\"acf-_validate_email\" name=\"acf[_validate_email]\"\/><\/div><\/div>\n<\/div>\n<div class=\"acf-field acf-field-text acf-field-687b5678c3752 is-required\" style=\"width:33%;\" data-name=\"vorname\" data-type=\"text\" data-key=\"field_687b5678c3752\" data-required=\"1\" data-width=\"33\">\n<div class=\"acf-label\">\n<label for=\"acf-field_687b5678c3752\">Vorname <span class=\"acf-required\">*<\/span><\/label><\/div>\n<div class=\"acf-input\">\n<div class=\"acf-input-wrap\"><input type=\"text\" id=\"acf-field_687b5678c3752\" name=\"acf[field_687b5678c3752]\" required=\"required\"\/><\/div><\/div>\n<\/div>\n<div class=\"acf-field acf-field-text acf-field-687b57cb44f9a is-required\" style=\"width:33%;\" data-name=\"nachname\" data-type=\"text\" data-key=\"field_687b57cb44f9a\" data-required=\"1\" data-width=\"33\">\n<div class=\"acf-label\">\n<label for=\"acf-field_687b57cb44f9a\">Nachname <span class=\"acf-required\">*<\/span><\/label><\/div>\n<div class=\"acf-input\">\n<div class=\"acf-input-wrap\"><input type=\"text\" id=\"acf-field_687b57cb44f9a\" name=\"acf[field_687b57cb44f9a]\" required=\"required\"\/><\/div><\/div>\n<\/div>\n<div class=\"acf-field acf-field-email acf-field-687b5697c3753 is-required\" style=\"width:33%;\" data-name=\"e-mail-adresse\" data-type=\"email\" data-key=\"field_687b5697c3753\" data-required=\"1\" data-width=\"33\">\n<div class=\"acf-label\">\n<label for=\"acf-field_687b5697c3753\">E-Mail-Adresse <span class=\"acf-required\">*<\/span><\/label><\/div>\n<div class=\"acf-input\">\n<div class=\"acf-input-wrap\"><input type=\"email\" id=\"acf-field_687b5697c3753\" name=\"acf[field_687b5697c3753]\" required=\"required\"\/><\/div><\/div>\n<\/div>\n<div class=\"acf-field acf-field-file acf-field-687b579544f99\" style=\"width:50%;\" data-name=\"bilder\" data-type=\"file\" data-key=\"field_687b579544f99\" data-width=\"50\">\n<div class=\"acf-label\">\n<label for=\"acf-field_687b579544f99\">Bilder<\/label><\/div>\n<div class=\"acf-input\">\n<div class=\"acf-file-uploader\" data-library=\"all\" data-mime_types=\"\" data-uploader=\"basic\">\n\t\t\t<input type=\"hidden\" name=\"acf[field_687b579544f99]\" value=\"\" data-name=\"id\"\/>\t<div class=\"show-if-value file-wrap\" tabindex=\"0\" role=\"button\" aria-label=\"Selected file. Press tab to access file options.\">\n\t\t<div class=\"file-icon\">\n\t\t\t<img decoding=\"async\" data-name=\"icon\" src=\"\" alt=\"\"\/>\n\t\t<\/div>\n\t\t<div class=\"file-info\">\n\t\t\t<p>\n\t\t\t\t<strong data-name=\"title\"><\/strong>\n\t\t\t<\/p>\n\t\t\t<p>\n\t\t\t\t<strong>Filnamn:<\/strong>\n\t\t\t\t<a data-name=\"filename\" href=\"\" target=\"_blank\"><\/a>\n\t\t\t<\/p>\n\t\t\t<p>\n\t\t\t\t<strong>Filstorlek:<\/strong>\n\t\t\t\t<span data-name=\"filesize\"><\/span>\n\t\t\t<\/p>\n\t\t<\/div>\n\t\t<div class=\"acf-actions -hover\">\n\t\t\t\t\t\t<a class=\"acf-icon -cancel dark\" data-name=\"remove\" href=\"#\" title=\"Ta bort\" aria-label=\"Ta bort fil\"><\/a>\n\t\t<\/div>\n\t<\/div>\n\t<div class=\"hide-if-value\">\n\t\t\t\t\t\t\n\t\t\t\t\t\t\t\n\t\t\t<label class=\"acf-basic-uploader\">\n\t\t\t\t<input type=\"file\" name=\"acf[field_687b579544f99]\" id=\"acf-field_687b579544f99\" key=\"field_687b579544f99\" \/><input type=\"hidden\" name=\"acf[field_687b579544f99_file_nonce]\" value=\"02ccfd5b4a\" \/>\t\t\t<\/label>\n\t\t\t\n\t\t\t\t\n\t<\/div>\n<\/div>\n\t\t\t<\/div>\n<\/div>\n<div class=\"acf-field acf-field-select acf-field-687b57eb44f9b\" style=\"width:50%;\" data-name=\"zustand\" data-type=\"select\" data-key=\"field_687b57eb44f9b\" data-width=\"50\">\n<div class=\"acf-label\">\n<label for=\"acf-field_687b57eb44f9b\">Zustand<\/label><\/div>\n<div class=\"acf-input\">\n<select id=\"acf-field_687b57eb44f9b\" class=\"\" name=\"acf[field_687b57eb44f9b]\" data-ui=\"0\" data-ajax=\"0\" data-multiple=\"0\" data-placeholder=\"V\u00e4lj\" data-allow_null=\"0\"><option value=\"Neuwertig ohne Gebrauchsspuren\">Neuwertig ohne Gebrauchsspuren<\/option><option value=\"Leichte Gebrauchsspuren oder Kratzer\">Leichte Gebrauchsspuren oder Kratzer<\/option><option value=\"Deutliche Gebrauchsspuren\">Deutliche Gebrauchsspuren<\/option><\/select><\/div>\n<\/div>\n<div class=\"acf-field acf-field-textarea acf-field-687b56acc3754\" data-name=\"artikelbeschreibung\" data-type=\"textarea\" data-key=\"field_687b56acc3754\">\n<div class=\"acf-label\">\n<label for=\"acf-field_687b56acc3754\">Artikelbeschreibung<\/label><\/div>\n<div class=\"acf-input\">\n<textarea id=\"acf-field_687b56acc3754\" name=\"acf[field_687b56acc3754]\" rows=\"8\"><\/textarea><\/div>\n<\/div>\n<\/div>            <div class=\"acf-form-submit\">\r\n                \r\n                <input type=\"submit\" class=\"acf-button button button-primary button-large\" value=\"Senden\" \/>                <span class=\"acf-spinner\"><\/span>\r\n            <\/div>\r\n        <\/form>\n","protected":false},"excerpt":{"rendered":"<p>Sebworld AuktionerBonner Stra\u00dfe 4053842 TroisdorfTyskland Support: +49 160 18 17 696E-post: info@sebworld-auktionen.de H\u00e4r kan du som privatperson eller mindre f\u00f6retagskund l\u00e4mna in produkter f\u00f6r auktion. Vi kommer att besvara din f\u00f6rfr\u00e5gan s\u00e5 snart som m\u00f6jligt Kontaktformul\u00e4r f\u00f6r f\u00f6rfr\u00e5gningar<\/p>\n","protected":false},"author":1,"featured_media":0,"parent":0,"menu_order":100,"comment_status":"closed","ping_status":"closed","template":"","meta":{"_acf_changed":false,"footnotes":""},"class_list":["post-12361","page","type-page","status-publish","hentry"],"acf":[],"_links":{"self":[{"href":"https:\/\/www.sebworld-auktionen.de\/sv\/wp-json\/wp\/v2\/pages\/12361","targetHints":{"allow":["GET"]}}],"collection":[{"href":"https:\/\/www.sebworld-auktionen.de\/sv\/wp-json\/wp\/v2\/pages"}],"about":[{"href":"https:\/\/www.sebworld-auktionen.de\/sv\/wp-json\/wp\/v2\/types\/page"}],"author":[{"embeddable":true,"href":"https:\/\/www.sebworld-auktionen.de\/sv\/wp-json\/wp\/v2\/users\/1"}],"replies":[{"embeddable":true,"href":"https:\/\/www.sebworld-auktionen.de\/sv\/wp-json\/wp\/v2\/comments?post=12361"}],"version-history":[{"count":1,"href":"https:\/\/www.sebworld-auktionen.de\/sv\/wp-json\/wp\/v2\/pages\/12361\/revisions"}],"predecessor-version":[{"id":12362,"href":"https:\/\/www.sebworld-auktionen.de\/sv\/wp-json\/wp\/v2\/pages\/12361\/revisions\/12362"}],"wp:attachment":[{"href":"https:\/\/www.sebworld-auktionen.de\/sv\/wp-json\/wp\/v2\/media?parent=12361"}],"curies":[{"name":"wp","href":"https:\/\/api.w.org\/{rel}","templated":true}]}}