{"id":12367,"date":"2025-05-12T15:19:19","date_gmt":"2025-05-12T13:19:19","guid":{"rendered":"https:\/\/www.sebworld-auktionen.de\/om-oss"},"modified":"2026-04-08T15:22:47","modified_gmt":"2026-04-08T13:22:47","slug":"om-oss","status":"publish","type":"page","link":"https:\/\/www.sebworld-auktionen.de\/sv\/om-oss","title":{"rendered":"Om oss"},"content":{"rendered":"\n<p><strong>Sebworld Auctions<\/strong> \u00e4r den nya plattformen f\u00f6r alla som letar efter begagnade kontorsm\u00f6bler av h\u00f6g kvalitet till f\u00f6rm\u00e5nliga priser. Oavsett om det g\u00e4ller designm\u00f6bler fr\u00e5n USM Haller, Vitra, Cassina eller Knoll &#8211; h\u00e4r kan du k\u00f6pa snygga bord, stolar, f\u00e5t\u00f6ljer, lampor och till och med v\u00e4xter fr\u00e5n konkursbon, lagerrensningar och insolvens. De begagnade m\u00f6blerna ger karakt\u00e4r och kvalitet till alla kontor.  <\/p>\n","protected":false},"excerpt":{"rendered":"<p>Sebworld Auctions \u00e4r den nya plattformen f\u00f6r alla som letar efter begagnade kontorsm\u00f6bler av h\u00f6g kvalitet till f\u00f6rm\u00e5nliga priser. Oavsett om det g\u00e4ller designm\u00f6bler fr\u00e5n USM Haller, Vitra, Cassina eller Knoll &#8211; h\u00e4r kan du k\u00f6pa snygga bord, stolar, f\u00e5t\u00f6ljer, lampor och till och med v\u00e4xter fr\u00e5n konkursbon, lagerrensningar och insolvens. De begagnade m\u00f6blerna ger [&hellip;]<\/p>\n","protected":false},"author":1,"featured_media":0,"parent":0,"menu_order":50,"comment_status":"closed","ping_status":"closed","template":"","meta":{"_acf_changed":false,"footnotes":""},"class_list":["post-12367","page","type-page","status-publish","hentry"],"acf":[],"_links":{"self":[{"href":"https:\/\/www.sebworld-auktionen.de\/sv\/wp-json\/wp\/v2\/pages\/12367","targetHints":{"allow":["GET"]}}],"collection":[{"href":"https:\/\/www.sebworld-auktionen.de\/sv\/wp-json\/wp\/v2\/pages"}],"about":[{"href":"https:\/\/www.sebworld-auktionen.de\/sv\/wp-json\/wp\/v2\/types\/page"}],"author":[{"embeddable":true,"href":"https:\/\/www.sebworld-auktionen.de\/sv\/wp-json\/wp\/v2\/users\/1"}],"replies":[{"embeddable":true,"href":"https:\/\/www.sebworld-auktionen.de\/sv\/wp-json\/wp\/v2\/comments?post=12367"}],"version-history":[{"count":1,"href":"https:\/\/www.sebworld-auktionen.de\/sv\/wp-json\/wp\/v2\/pages\/12367\/revisions"}],"predecessor-version":[{"id":12368,"href":"https:\/\/www.sebworld-auktionen.de\/sv\/wp-json\/wp\/v2\/pages\/12367\/revisions\/12368"}],"wp:attachment":[{"href":"https:\/\/www.sebworld-auktionen.de\/sv\/wp-json\/wp\/v2\/media?parent=12367"}],"curies":[{"name":"wp","href":"https:\/\/api.w.org\/{rel}","templated":true}]}}