{"id":12415,"date":"2025-05-12T14:51:51","date_gmt":"2025-05-12T12:51:51","guid":{"rendered":"https:\/\/www.sebworld-auktionen.de\/avtryck"},"modified":"2026-04-08T15:30:46","modified_gmt":"2026-04-08T13:30:46","slug":"avtryck","status":"publish","type":"page","link":"https:\/\/www.sebworld-auktionen.de\/sv\/avtryck","title":{"rendered":"Avtryck"},"content":{"rendered":"\n<p><strong>F\u00f6retag Lutz Stohr &#8211; Sebworld<\/strong><br\/>\u00c4gare: Lutz Stohr e. Kfm.<br\/>Bonner Stra\u00dfe 40<br\/>53842 Troisdorf<br\/>Tyskland<br\/>E-post: info@sebworld.de<\/p>\n\n<p>Identifikationsnummer f\u00f6r oms\u00e4ttningsskatt: DE 812693843<br\/>F\u00f6retagsnummer: HRA 6484<\/p>\n\n<p>Bankuppgifter<br\/>IBAN: DE45 3707 0024 0313 3899 02<br\/>BIC: DEUTDEDBKOE<br\/>Deutsche Bank<\/p>\n","protected":false},"excerpt":{"rendered":"<p>F\u00f6retag Lutz Stohr &#8211; Sebworld\u00c4gare: Lutz Stohr e. Kfm.Bonner Stra\u00dfe 4053842 TroisdorfTysklandE-post: info@sebworld.de Identifikationsnummer f\u00f6r oms\u00e4ttningsskatt: DE 812693843F\u00f6retagsnummer: HRA 6484 BankuppgifterIBAN: DE45 3707 0024 0313 3899 02BIC: DEUTDEDBKOEDeutsche Bank<\/p>\n","protected":false},"author":1,"featured_media":0,"parent":0,"menu_order":101,"comment_status":"closed","ping_status":"closed","template":"","meta":{"_acf_changed":false,"footnotes":""},"class_list":["post-12415","page","type-page","status-publish","hentry"],"acf":[],"_links":{"self":[{"href":"https:\/\/www.sebworld-auktionen.de\/sv\/wp-json\/wp\/v2\/pages\/12415","targetHints":{"allow":["GET"]}}],"collection":[{"href":"https:\/\/www.sebworld-auktionen.de\/sv\/wp-json\/wp\/v2\/pages"}],"about":[{"href":"https:\/\/www.sebworld-auktionen.de\/sv\/wp-json\/wp\/v2\/types\/page"}],"author":[{"embeddable":true,"href":"https:\/\/www.sebworld-auktionen.de\/sv\/wp-json\/wp\/v2\/users\/1"}],"replies":[{"embeddable":true,"href":"https:\/\/www.sebworld-auktionen.de\/sv\/wp-json\/wp\/v2\/comments?post=12415"}],"version-history":[{"count":1,"href":"https:\/\/www.sebworld-auktionen.de\/sv\/wp-json\/wp\/v2\/pages\/12415\/revisions"}],"predecessor-version":[{"id":12416,"href":"https:\/\/www.sebworld-auktionen.de\/sv\/wp-json\/wp\/v2\/pages\/12415\/revisions\/12416"}],"wp:attachment":[{"href":"https:\/\/www.sebworld-auktionen.de\/sv\/wp-json\/wp\/v2\/media?parent=12415"}],"curies":[{"name":"wp","href":"https:\/\/api.w.org\/{rel}","templated":true}]}}