{"id":12576,"date":"2025-05-12T15:18:33","date_gmt":"2025-05-12T13:18:33","guid":{"rendered":"https:\/\/www.sebworld-auktionen.de\/?page_id=12576"},"modified":"2026-04-08T15:43:58","modified_gmt":"2026-04-08T13:43:58","slug":"allmanna-villkor-for-onlineauktioner-fran-sebworld-online-auctions","status":"publish","type":"page","link":"https:\/\/www.sebworld-auktionen.de\/sv\/allmanna-villkor-for-onlineauktioner-fran-sebworld-online-auctions","title":{"rendered":"Allm\u00e4nna villkor f\u00f6r onlineauktioner fr\u00e5n Sebworld Online Auctions"},"content":{"rendered":"\n<p>Fr\u00e5n och med den 12 januari 2026<\/p>\n\n\n\n<p>\u00a7 1 Avtalets omfattning, definitioner och f\u00f6rem\u00e5l<\/p>\n\n\n\n<p>(1) Till\u00e4mpningsomr\u00e5de: Dessa allm\u00e4nna villkor (nedan kallade &#8221;AVV&#8221;) g\u00e4ller f\u00f6r deltagande i alla auktioner (nedan kallade &#8221;auktioner&#8221;) som genomf\u00f6rs av Lutz Stohr, Sebworld.de, Bonner Stra\u00dfe 40, D \u2013 53842 Troisdorf (nedan kallat &#8221;sebworld&#8221; eller &#8221;vi&#8221;) via internetplattformen www.sebworld-auktionen.de (nedan kallad &#8221;plattform&#8221;) och vid offentligt tillg\u00e4ngliga evenemang med fysisk n\u00e4rvaro.<\/p>\n\n\n\n<p>(2) Avtalsparter: Detta erbjudande riktar sig till b\u00e5de konsumenter i den mening som avses i \u00a7 13 i den tyska civillagen (BGB) och f\u00f6retag i den mening som avses i \u00a7 14 i den tyska civillagen (BGB) (nedan gemensamt kallade &#8221;anv\u00e4ndare&#8221; eller &#8221;budgivare&#8221;). En konsument \u00e4r varje fysisk person som ing\u00e5r en r\u00e4ttshandling f\u00f6r syften som huvudsakligen varken kan h\u00e4nf\u00f6ras till deras kommersiella eller deras sj\u00e4lvst\u00e4ndiga yrkesverksamhet. Ett f\u00f6retag \u00e4r en fysisk eller juridisk person eller ett handelsbolag med r\u00e4ttskapacitet som, n\u00e4r det g\u00e4ller att ing\u00e5 en r\u00e4ttshandling, agerar i ut\u00f6vandet av sin kommersiella eller sj\u00e4lvst\u00e4ndiga yrkesverksamhet.<\/p>\n\n\n\n<p>(3) Avtalsf\u00f6rem\u00e5l: F\u00f6rem\u00e5let f\u00f6r auktionerna \u00e4r begagnade m\u00f6bler, s\u00e4rskilt designklassiker (nedan kallade &#8221;auktionsf\u00f6rem\u00e5l&#8221;). Auktionsf\u00f6rem\u00e5len s\u00e4ljs av sebworld antingen i eget namn och f\u00f6r egen r\u00e4kning (egna varor) eller i eget namn f\u00f6r \u00e4garens r\u00e4kning (konsignationsvaror) eller i \u00e4garens namn och f\u00f6r \u00e4garens r\u00e4kning.<\/p>\n\n\n\n<p>(4) Ordningsf\u00f6ljd: Dessa villkor g\u00e4ller exklusivt. Avvikande, motstridiga eller kompletterande villkor fr\u00e5n anv\u00e4ndaren ska endast bli en del av avtalet om och i den utstr\u00e4ckning vi uttryckligen har godk\u00e4nt deras giltighet skriftligen. Enskilda avtal som ing\u00e5tts med anv\u00e4ndaren i specifika fall har alltid f\u00f6retr\u00e4de framf\u00f6r dessa villkor. Ut\u00f6ver dessa villkor g\u00e4ller \u00e4ven auktionsinformationen och lagstadgade best\u00e4mmelser. Vid konflikt har auktionsinformationen f\u00f6retr\u00e4de framf\u00f6r villkoren. Lagstadgade best\u00e4mmelser f\u00f6ljer i tredje hand.<\/p>\n\n\n\n<p>\u00a7 2 Anv\u00e4ndarkonto och beh\u00f6righet att delta<\/p>\n\n\n\n<p>(1) Registrering: Deltagande i auktioner kr\u00e4ver att ett gratis anv\u00e4ndarkonto skapas p\u00e5 plattformen. Ber\u00e4ttigade att delta \u00e4r fysiska personer med full r\u00e4ttshandlingsf\u00f6rm\u00e5ga som har fyllt 18 \u00e5r, samt juridiska personer.<\/p>\n\n\n\n<p>(2) Registreringsprocess: F\u00f6r registrering m\u00e5ste de uppgifter som beg\u00e4rs i registreringsformul\u00e4ret, s\u00e4rskilt namn, adress och en giltig e-postadress, l\u00e4mnas fullst\u00e4ndigt och sanningsenligt. Anv\u00e4ndaren m\u00e5ste ocks\u00e5 ange om hen agerar som konsument eller f\u00f6retag. Registreringen slutf\u00f6rs genom att bekr\u00e4fta en aktiveringsl\u00e4nk som skickas till den angivna e-postadressen. Innan registreringen slutf\u00f6rs m\u00e5ste anv\u00e4ndaren bekr\u00e4fta godk\u00e4nnande av dessa villkor och godk\u00e4nnande av sekretesspolicyn genom att kryssa i en kryssruta.<\/p>\n\n\n\n<p>(3) Kontohantering: Anv\u00e4ndaren \u00e4r skyldig att h\u00e5lla sitt l\u00f6senord hemligt och noggrant s\u00e4kra \u00e5tkomsten till sitt anv\u00e4ndarkonto. Anv\u00e4ndaren \u00e4r ansvarig f\u00f6r alla aktiviteter som utf\u00f6rs via anv\u00e4ndarkontot, s\u00e5vida han inte \u00e4r ansvarig f\u00f6r missbruket.<\/p>\n\n\n\n<p>(4) Blockering och upps\u00e4gning: sebworld har r\u00e4tt att tillf\u00e4lligt eller permanent blockera ett anv\u00e4ndarkonto om det finns bevis f\u00f6r brott mot dessa villkor, till\u00e4mplig lag eller missbruk av kontot. Anv\u00e4ndaren kan f\u00e5 sitt anv\u00e4ndarkonto raderat genom att skicka ett motsvarande meddelande till oss i textform (t.ex. via e-post till info@sebworld.de).<\/p>\n\n\n\n<p>(5) Kommunikation: All kommunikation som \u00e4r relevant f\u00f6r avtalsf\u00f6rh\u00e5llandet (t.ex. fakturor, kontraktsbekr\u00e4ftelser, information om tilldelning) skickas uteslutande elektroniskt till den e-postadress som \u00e4r lagrad i anv\u00e4ndarkontot.<\/p>\n\n\n\n<p>Anv\u00e4ndaren \u00e4r ensamt ansvarig f\u00f6r att skapa de tekniska f\u00f6ruts\u00e4ttningarna f\u00f6r att ta emot e-post.<\/p>\n\n\n\n<p>\u00a7 3 M\u00f6jlighet till inspektion<\/p>\n\n\n\n<p>Auktionsf\u00f6rem\u00e5len kan ses innan auktionen b\u00f6rjar, under en viss period p\u00e5 den plats som anges i auktionsbeskrivningen. Datum och tid kommer att meddelas p\u00e5 plattformen n\u00e4r auktionen aktiveras.<\/p>\n\n\n\n<p>Vi rekommenderar att alla budgivare utnyttjar denna m\u00f6jlighet att kontrollera respektive objekts skick.<\/p>\n\n\n\n<p>\u00a7 4 Auktionsf\u00f6rfarande och budgivning<\/p>\n\n\n\n<p>(1) R\u00e4ttslig karakt\u00e4r: Auktionerna \u00e4r offentligt tillg\u00e4ngliga auktioner enligt \u00a7\u00a7 474 paragraf 2 och 312g paragraf 2 nr 10 i den tyska civillagen (BGB). Konsumenter har d\u00e4rf\u00f6r ingen \u00e5ngerr\u00e4tt f\u00f6r avtal som ing\u00e5tts genom tilldelning av budet i auktionen.<\/p>\n\n\n\n<p>(2) Auktionsperiod: Varje auktion \u00e4ger rum inom en definierad period (auktionens start och slut). Den period som g\u00e4ller f\u00f6r respektive auktionsobjekt visas p\u00e5 plattformens objektsida. Plattformens systemtid \u00e4r avg\u00f6rande vid en onlineauktion.<\/p>\n\n\n\n<p>(3) Startpris och bud\u00f6kningar: Varje auktionsobjekt erbjuds med ett startpris. Bud kan endast l\u00e4ggas i de l\u00e4gsta bud\u00f6kningar som anges p\u00e5 objektsidan.<\/p>\n\n\n\n<p>(4) Budgivning: Ett bud utg\u00f6r ett juridiskt bindande erbjudande fr\u00e5n budgivaren att ing\u00e5 ett k\u00f6peavtal. Budet upph\u00f6r att g\u00e4lla om en annan budgivare l\u00e4gger ett h\u00f6gre bud under auktionstiden. \u00c5terkallelse av budet \u00e4r inte m\u00f6jligt.<\/p>\n\n\n\n<p>Ett avtal ing\u00e5s genom anbudsgivning och tilldelning.<\/p>\n\n\n\n<p>(5) Anbudsgivare (maxbud): Anbudsgivare kan l\u00e4mna ett maxbud. I detta fall bjuder systemet automatiskt endast s\u00e5 mycket som \u00e4r n\u00f6dv\u00e4ndigt f\u00f6r att bibeh\u00e5lla maxbudet samtidigt som minimibudstegen respekteras, men inte \u00f6verstiger det angivna maxbudet.<\/p>\n\n\n\n<p>(6) F\u00f6rl\u00e4ngning av auktionstiden: Om ett h\u00f6gre bud tas emot inom den sista minuten efter att ett bud har l\u00e4mnats, f\u00f6rl\u00e4ngs tiden till den slutliga tilldelningen med en minut varje g\u00e5ng. Denna process upprepas tills inget nytt bud l\u00e4mnas inom den sista minuten.<\/p>\n\n\n\n<p>(7) Uteslutning av budgivare: Sebworld har r\u00e4tt att i enskilda fall utesluta budgivare fr\u00e5n deltagande i auktioner, s\u00e4rskilt om det finns tvivel om budgivarens identitet, \u00e5lder eller kreditv\u00e4rdighet eller andra sk\u00e4l som \u00e4ventyrar fullg\u00f6randet av ett ing\u00e5nget k\u00f6peavtal (t.ex. om budgivaren inte har h\u00e4mtat ett vunnet auktionsobjekt).<\/p>\n\n\n\n<p>(8) F\u00f6rbud mot manipulation<\/p>\n\n\n\n<p>Det \u00e4r f\u00f6rbjudet att manipulera auktionsf\u00f6rfarandet med hj\u00e4lp av mekanismer som krypskyttarprogram, programvara etc. Bud som tilldelas till f\u00f6ljd av s\u00e5dan manipulation \u00e4r ogiltiga. Civilr\u00e4ttsligt och straffr\u00e4ttsligt \u00e5tal f\u00f6rbeh\u00e5lls.<\/p>\n\n\n\n<p>\u00a7 5 Tilldelning och ing\u00e5ende av avtal<\/p>\n\n\n\n<p>(1) Tilldelning av bud: Budet tilldelas h\u00f6gstbjudande vid auktionens slut. Tilldelningen av bud inneb\u00e4r godk\u00e4nnande av h\u00f6gstbjudandes bud. Med tilldelningen av bud ing\u00e5s ett juridiskt bindande k\u00f6peavtal mellan sebworld och h\u00f6gstbjudande. Det slutliga budet kan vara l\u00e4gre \u00e4n maxbudet.<\/p>\n\n\n\n<p>N\u00e4r sebworld agerar p\u00e5 \u00e4garens v\u00e4gnar och f\u00f6r dennes r\u00e4kning ing\u00e5s k\u00f6peavtalet mellan \u00e4garen och budgivaren.<\/p>\n\n\n\n<p>Sebworld f\u00f6rbeh\u00e5ller sig r\u00e4tten att v\u00e4gra att acceptera budet eller att dra tillbaka det vinnande budet och erbjuda objektet p\u00e5 nytt om ett h\u00f6gre bud som l\u00e4mnats i tid f\u00f6rbises, om h\u00f6gstbjudande inte vill acceptera sitt bud, eller om det finns andra tvivel g\u00e4llande det vinnande budet. Det finns ingen juridisk r\u00e4tt till det tidigare vinnande budet.<\/p>\n\n\n\n<p>(2) Meddelande: H\u00f6gsta budgivaren kommer att meddelas om tilldelningen via e-post. Detta e-postmeddelande kommer att inneh\u00e5lla bekr\u00e4ftelse p\u00e5 kontraktets ing\u00e5ende och all lagstadgad information.<\/p>\n\n\n\n<p>(3) Bindande bud: Budgivaren \u00e4r bunden av sitt inl\u00e4mnade bud tills det ers\u00e4tts av ett h\u00f6gre bud eller genom tilldelning till en annan budgivare.<\/p>\n\n\n\n<p>(4) F\u00f6rtida upps\u00e4gning: sebworld har r\u00e4tt att avsluta en auktion i f\u00f6rtid om det finns ett giltigt sk\u00e4l f\u00f6r detta (t.ex. allvarliga tekniska fel som om\u00f6jligg\u00f6r korrekt utf\u00f6rande eller misst\u00e4nkt manipulation). Om bindande bud redan har lagts ing\u00e5s avtalet med h\u00f6gstbjudande vid tidpunkten f\u00f6r upps\u00e4gningen, s\u00e5vida inte orsaken till upps\u00e4gningen ligger hos h\u00f6gstbjudandes person eller budgivare.<\/p>\n\n\n\n<p>\u00a7 7 Priser, betalningsvillkor och till\u00e4ggsavgift<\/p>\n\n\n\n<p>(1) Priskomponenter: Det totala priset som budgivaren ska betala best\u00e5r av: a) det h\u00f6gsta budet (slagpriset), b) en k\u00f6parprovision p\u00e5 18 % p\u00e5 slagpriset, c) den lagstadgade merv\u00e4rdesskatten som g\u00e4ller f\u00f6r summan av slagpriset och k\u00f6parprovisionen. Alla priser \u00e4r i euro (\u20ac).<\/p>\n\n\n\n<p>(2) F\u00f6rfallodatum och betalning: Det totala priset f\u00f6rfaller omedelbart efter att budet godk\u00e4nts och m\u00e5ste betalas utan avdrag inom sju (7) kalenderdagar efter mottagandet av fakturan. Betalning kan g\u00f6ras via bank\u00f6verf\u00f6ring eller via de onlinebetalningstj\u00e4nster som erbjuds p\u00e5 plattformen.<\/p>\n\n\n\n<p>(3) Betalningsf\u00f6rsummelse: Om budgivaren inte betalar har vi r\u00e4tt att kr\u00e4va dr\u00f6jsm\u00e5lsr\u00e4nta enligt lagstadgad r\u00e4nta. Vi f\u00f6rbeh\u00e5ller oss r\u00e4tten att kr\u00e4va ytterligare skadest\u00e5nd f\u00f6r f\u00f6rsummelse.<\/p>\n\n\n\n<p>\u00a7 8 \u00c4gander\u00e4ttsf\u00f6rbeh\u00e5ll<\/p>\n\n\n\n<p>\u00c4gander\u00e4tten till det auktionerade f\u00f6rem\u00e5let \u00f6verg\u00e5r endast till budgivaren vid full betalning av det totala priset. Innan fullst\u00e4ndig \u00e4gander\u00e4tts\u00f6verf\u00f6ring har skett \u00e4r pants\u00e4ttning, \u00f6verl\u00e5telse som s\u00e4kerhet, bearbetning eller modifiering av f\u00f6rem\u00e5let inte till\u00e5tet utan v\u00e5rt uttryckliga samtycke.<\/p>\n\n\n\n<p>\u00a7 9 Inkasso, risk\u00f6verg\u00e5ng och frakt<\/p>\n\n\n\n<p>(1) Avh\u00e4mtning: Budgivaren \u00e4r skyldig att h\u00e4mta det auktionerade f\u00f6rem\u00e5let fr\u00e5n v\u00e5ra aff\u00e4rslokaler inom tio (10) kalenderdagar efter att full betalning mottagits (avh\u00e4mtningsskyldighet). Efter betalning av fakturan kommer budgivaren att f\u00e5 en avh\u00e4mtningsavi via e-post. Detta e-postmeddelande inneh\u00e5ller ocks\u00e5 en l\u00e4nk till ett bokningsverktyg d\u00e4r budgivaren kan boka en avh\u00e4mtningstid. Avh\u00e4mtningen sker p\u00e5 fasta, f\u00f6rutbest\u00e4mda datum. Det auktionerade f\u00f6rem\u00e5let kommer endast att utl\u00e4mnas till innehavaren av denna avh\u00e4mtningsavi.<\/p>\n\n\n\n<p>Budgivaren garanterar att inkassobeviset inte kommer i h\u00e4nderna p\u00e5 obeh\u00f6rig tredje part.<\/p>\n\n\n\n<p>(2) Riskens \u00f6verf\u00f6ring: a) Om budgivaren \u00e4r en konsument \u00f6verg\u00e5r risken f\u00f6r oavsiktlig f\u00f6rlust eller oavsiktlig skada p\u00e5 de s\u00e5lda varorna till budgivaren f\u00f6rst vid leverans av varorna till budgivaren eller en mottagare som budgivaren utsett. b) Om budgivaren \u00e4r ett f\u00f6retag \u00f6verg\u00e5r risken till budgivaren s\u00e5 snart vi har gjort varorna tillg\u00e4ngliga f\u00f6r avh\u00e4mtning och meddelat budgivaren i enlighet d\u00e4rmed.<\/p>\n\n\n\n<p>(3) F\u00f6rsening av avh\u00e4mtning: Om budgivaren inte h\u00e4mtar varan inom den period som anges i punkt 1, har de f\u00f6rsummat att acceptera leveransen. Vi har r\u00e4tt att ta ut en rimlig lagringsavgift p\u00e5 10 euro per dag f\u00f6r lagring av varan. Efter att en rimlig respitperiod som vi har fastst\u00e4llt f\u00f6r avh\u00e4mtning har l\u00f6pt ut, har vi r\u00e4tt att fr\u00e5ntr\u00e4da avtalet och kr\u00e4va skadest\u00e5nd i st\u00e4llet f\u00f6r prestation.<\/p>\n\n\n\n<p>Sebworld har r\u00e4tt att auktionera ut f\u00f6rem\u00e5let p\u00e5 nytt.<\/p>\n\n\n\n<p>(4) Frakt: Det auktionerade f\u00f6rem\u00e5let skickas endast p\u00e5 uttrycklig beg\u00e4ran och p\u00e5 budgivarens bekostnad och risk. I detta fall kommer vi att tillhandah\u00e5lla en separat offert f\u00f6r emballage- och fraktkostnader. Uppdraget att anlita ett fraktf\u00f6retag kommer att utf\u00f6ras i budgivarens namn och p\u00e5 dennes bekostnad.<\/p>\n\n\n\n<p>Avsnitt 10 Garanti (Ansvar f\u00f6r materialfel); Undantag f\u00f6r k\u00f6p av konsumtionsvaror Avsnitt 474 paragraf 2 i den tyska civillagen (BGB)<\/p>\n\n\n\n<p>(1) Varornas skick: Auktionsf\u00f6rem\u00e5len \u00e4r begagnade varor. Sp\u00e5r av \u00e5lder och anv\u00e4ndning, s\u00e5som repor, f\u00e4rgvariationer eller mindre bucklor, \u00e4r typiska egenskaper hos varorna och betraktas inte som defekter, f\u00f6rutsatt att de inte avviker v\u00e4sentligt fr\u00e5n beskrivningen och fotografierna som publicerats p\u00e5 plattformen. Produktbeskrivningarna utg\u00f6r inte en r\u00e4ttsligt bindande garanti f\u00f6r skicket.<\/p>\n\n\n\n<p>(2) Best\u00e4mmelser f\u00f6r konsumenter: a) F\u00f6r konsumenter \u00e4r preskriptionstiden f\u00f6r anspr\u00e5k baserade p\u00e5 fel i begagnade varor ett \u00e5r fr\u00e5n leveransen av varorna. b) Undantagna fr\u00e5n denna reduktion \u00e4r anspr\u00e5k p\u00e5 skadest\u00e5nd fr\u00e5n budgivaren p\u00e5 grund av skada p\u00e5 liv, kropp eller h\u00e4lsa, samt anspr\u00e5k p\u00e5 skadest\u00e5nd p\u00e5 grund av brott mot v\u00e4sentliga avtalsf\u00f6rpliktelser. Undantagna \u00e4r \u00e4ven anspr\u00e5k p\u00e5 andra skador baserade p\u00e5 ett upps\u00e5tligt eller grovt oaktsamt \u00e5sidos\u00e4ttande av plikter fr\u00e5n sebworlds sida.<\/p>\n\n\n\n<p>(3) Best\u00e4mmelser f\u00f6r f\u00f6retag: a) Garanti f\u00f6r defekter i begagnade varor \u00e4r utesluten f\u00f6r f\u00f6retagskunder. b) Detta undantag p\u00e5verkar inte skadest\u00e5ndsanspr\u00e5k som uppst\u00e5r p\u00e5 grund av grov v\u00e5rdsl\u00f6shet eller upps\u00e5tlig f\u00f6rsummelse fr\u00e5n sebworlds sida, inte heller skadest\u00e5ndsanspr\u00e5k f\u00f6r skada p\u00e5 liv, kropp eller h\u00e4lsa. c) F\u00f6retag m\u00e5ste omedelbart vid mottagandet unders\u00f6ka varorna f\u00f6r defekter och skriftligen meddela sebworld om eventuella uppenbara defekter utan dr\u00f6jsm\u00e5l, dock senast sju (7) dagar efter mottagandet (\u00a7 377 i den tyska handelslagen). Dolda defekter m\u00e5ste rapporteras omedelbart efter uppt\u00e4ckt. Underl\u00e5tenhet att rapportera defekter inom den angivna perioden anses som godk\u00e4nnande av varorna.<\/p>\n\n\n\n<p>(4) Det b\u00f6r noteras att best\u00e4mmelserna i \u00a7\u00a7 474 ff. i den tyska civillagen (BGB) inte g\u00e4ller f\u00f6r begagnade varor som s\u00e4ljs p\u00e5 offentlig auktion (\u00a7 312g paragraf 2 nummer 10).<\/p>\n\n\n\n<p>\u00a7 11 Ansvar<\/p>\n\n\n\n<p>(1) Obegr\u00e4nsat ansvar: Vi ansvarar utan begr\u00e4nsning f\u00f6r upps\u00e5t och grov v\u00e5rdsl\u00f6shet, samt i enlighet med produktansvarslagen. Vid ringa v\u00e5rdsl\u00f6shet ansvarar vi f\u00f6r skador till f\u00f6ljd av skada p\u00e5 liv, kropp eller h\u00e4lsa.<\/p>\n\n\n\n<p>(2) Ansvarsbegr\u00e4nsning: F\u00f6ljande ansvarsbegr\u00e4nsning g\u00e4ller: Vid ringa v\u00e5rdsl\u00f6shet \u00e4r vi endast ansvariga f\u00f6r brott mot en v\u00e4sentlig avtalsf\u00f6rpliktelse vars uppfyllande \u00e4r avg\u00f6rande f\u00f6r avtalets korrekta fullg\u00f6rande och som avtalspartnern regelm\u00e4ssigt kan \u00e5beropa (k\u00e4rnf\u00f6rpliktelse). Ansvaret f\u00f6r ringa v\u00e5rdsl\u00f6shet \u00e4r begr\u00e4nsat till beloppet av f\u00f6rutsebara, typiska skador vid tidpunkten f\u00f6r avtalets ing\u00e5ende. Denna ansvarsbegr\u00e4nsning g\u00e4ller \u00e4ven f\u00f6r v\u00e5ra st\u00e4llf\u00f6retr\u00e4dare.<\/p>\n\n\n\n<p>\u00a7 12 S\u00e4rskilda best\u00e4mmelser f\u00f6r export<\/p>\n\n\n\n<p>(1) Moms p\u00e5 EU-export: Vid f\u00f6rs\u00e4ljning till ett f\u00f6retag etablerat i en annan EU-medlemsstat kan en gemenskapsintern leverans undantas fr\u00e5n moms, f\u00f6rutsatt att leverant\u00f6ren uppvisar ett giltigt momsregistreringsnummer (momsregistreringsnummer) och att \u00f6vriga lagstadgade krav \u00e4r uppfyllda. Tills momsregistreringsnumret har verifierats kommer tysk moms att beh\u00e5llas som deposition.<\/p>\n\n\n\n<p>(2) Merv\u00e4rdesskatt p\u00e5 export till tredjel\u00e4nder: Vid f\u00f6rs\u00e4ljning till en budgivare utanf\u00f6r EU debiteras tysk moms som deposition. Denna \u00e5terbetalas s\u00e5 snart vi mottagit det korrekt utf\u00e4rdade exportcertifikatet i original.<\/p>\n\n\n\n<p>(3) Exporterbarhet: Vi tar inget ansvar f\u00f6r auktionsf\u00f6rem\u00e5lens exporterbarhet eller f\u00f6r att erh\u00e5lla n\u00f6dv\u00e4ndiga exportlicenser. Budgivaren \u00e4r ensam ansvarig f\u00f6r att f\u00f6lja alla tull- och exportregler.<\/p>\n\n\n\n<p>\u00a7 13 Slutbest\u00e4mmelser<\/p>\n\n\n\n<p>(1) Lagval: Avtalsf\u00f6rh\u00e5llandet mellan oss och budgivaren regleras av lagarna i F\u00f6rbundsrepubliken Tyskland, exklusive FN:s konvention om avtal om internationella k\u00f6p av varor (CISG). Om budgivaren \u00e4r konsument och har sin vanliga bostad i ett annat land, p\u00e5verkas inte lagvalet av tvingande konsumentskyddsbest\u00e4mmelser i det landet.<\/p>\n\n\n\n<p>(2) Jurisdiktion: Om budgivaren \u00e4r en handlare, en offentligr\u00e4ttslig juridisk person eller en offentligr\u00e4ttslig specialfond, \u00e4r exklusiv jurisdiktion f\u00f6r alla tvister som uppst\u00e5r p\u00e5 grund av detta avtalsf\u00f6rh\u00e5llande v\u00e5rt registrerade kontor. Detsamma g\u00e4ller om budgivaren inte har n\u00e5gon allm\u00e4n jurisdiktion i Tyskland eller om deras hemvist eller vanliga vistelseort \u00e4r ok\u00e4nd vid tidpunkten f\u00f6r talan.<\/p>\n\n\n\n<p>(3) Konsumenttvistl\u00f6sning: Vi \u00e4r varken skyldiga eller villiga att delta i tvistl\u00f6sningsf\u00f6rfaranden inf\u00f6r en konsumenttvistn\u00e4mnd.<\/p>\n","protected":false},"excerpt":{"rendered":"<p>Fr\u00e5n och med den 12 januari 2026 \u00a7 1 Avtalets omfattning, definitioner och f\u00f6rem\u00e5l (1) Till\u00e4mpningsomr\u00e5de: Dessa allm\u00e4nna villkor (nedan kallade &#8221;AVV&#8221;) g\u00e4ller f\u00f6r deltagande i alla auktioner (nedan kallade &#8221;auktioner&#8221;) som genomf\u00f6rs av Lutz Stohr, Sebworld.de, Bonner Stra\u00dfe 40, D \u2013 53842 Troisdorf (nedan kallat &#8221;sebworld&#8221; eller &#8221;vi&#8221;) via internetplattformen www.sebworld-auktionen.de (nedan kallad &#8221;plattform&#8221;) [&hellip;]<\/p>\n","protected":false},"author":1,"featured_media":0,"parent":0,"menu_order":102,"comment_status":"closed","ping_status":"closed","template":"","meta":{"_acf_changed":false,"footnotes":""},"class_list":["post-12576","page","type-page","status-publish","hentry"],"acf":[],"_links":{"self":[{"href":"https:\/\/www.sebworld-auktionen.de\/sv\/wp-json\/wp\/v2\/pages\/12576","targetHints":{"allow":["GET"]}}],"collection":[{"href":"https:\/\/www.sebworld-auktionen.de\/sv\/wp-json\/wp\/v2\/pages"}],"about":[{"href":"https:\/\/www.sebworld-auktionen.de\/sv\/wp-json\/wp\/v2\/types\/page"}],"author":[{"embeddable":true,"href":"https:\/\/www.sebworld-auktionen.de\/sv\/wp-json\/wp\/v2\/users\/1"}],"replies":[{"embeddable":true,"href":"https:\/\/www.sebworld-auktionen.de\/sv\/wp-json\/wp\/v2\/comments?post=12576"}],"version-history":[{"count":1,"href":"https:\/\/www.sebworld-auktionen.de\/sv\/wp-json\/wp\/v2\/pages\/12576\/revisions"}],"predecessor-version":[{"id":12577,"href":"https:\/\/www.sebworld-auktionen.de\/sv\/wp-json\/wp\/v2\/pages\/12576\/revisions\/12577"}],"wp:attachment":[{"href":"https:\/\/www.sebworld-auktionen.de\/sv\/wp-json\/wp\/v2\/media?parent=12576"}],"curies":[{"name":"wp","href":"https:\/\/api.w.org\/{rel}","templated":true}]}}