{"id":15822,"date":"2026-04-27T16:34:59","date_gmt":"2026-04-27T14:34:59","guid":{"rendered":"https:\/\/www.sebworld-auktionen.de\/produkt\/tryck-paa-duk"},"modified":"2026-04-27T16:34:59","modified_gmt":"2026-04-27T14:34:59","slug":"tryck-paa-duk","status":"publish","type":"product","link":"https:\/\/www.sebworld-auktionen.de\/sv\/lotterna\/tryck-paa-duk","title":{"rendered":"Tryck p\u00e5 duk"},"content":{"rendered":"<p>Tryck p\u00e5 duk | Tr\u00e4ram | H: 45 cm | V: 145 cm<br \/>\nKonstn\u00e4r ok\u00e4nd | Sp\u00e5r av anv\u00e4ndning p\u00e5 kanterna<\/p>\n","protected":false},"excerpt":{"rendered":"<p>Tryck p\u00e5 duk | Tr\u00e4ram | H: 45 cm | V: 145 cm Konstn\u00e4r ok\u00e4nd | Sp\u00e5r av anv\u00e4ndning p\u00e5 kanterna<\/p>\n","protected":false},"featured_media":15764,"template":"","meta":{"_acf_changed":false},"product_brand":[],"product_cat":[192],"product_tag":[],"class_list":{"0":"post-15822","1":"product","2":"type-product","3":"status-publish","4":"has-post-thumbnail","6":"product_cat-maalningar","8":"first","9":"instock","10":"taxable","11":"shipping-taxable","12":"purchasable","13":"product-type-auction"},"acf":[],"_links":{"self":[{"href":"https:\/\/www.sebworld-auktionen.de\/sv\/wp-json\/wp\/v2\/product\/15822","targetHints":{"allow":["GET"]}}],"collection":[{"href":"https:\/\/www.sebworld-auktionen.de\/sv\/wp-json\/wp\/v2\/product"}],"about":[{"href":"https:\/\/www.sebworld-auktionen.de\/sv\/wp-json\/wp\/v2\/types\/product"}],"wp:featuredmedia":[{"embeddable":true,"href":"https:\/\/www.sebworld-auktionen.de\/sv\/wp-json\/wp\/v2\/media\/15764"}],"wp:attachment":[{"href":"https:\/\/www.sebworld-auktionen.de\/sv\/wp-json\/wp\/v2\/media?parent=15822"}],"wp:term":[{"taxonomy":"product_brand","embeddable":true,"href":"https:\/\/www.sebworld-auktionen.de\/sv\/wp-json\/wp\/v2\/product_brand?post=15822"},{"taxonomy":"product_cat","embeddable":true,"href":"https:\/\/www.sebworld-auktionen.de\/sv\/wp-json\/wp\/v2\/product_cat?post=15822"},{"taxonomy":"product_tag","embeddable":true,"href":"https:\/\/www.sebworld-auktionen.de\/sv\/wp-json\/wp\/v2\/product_tag?post=15822"}],"curies":[{"name":"wp","href":"https:\/\/api.w.org\/{rel}","templated":true}]}}