{"id":16249,"date":"2026-04-27T13:34:53","date_gmt":"2026-04-27T11:34:53","guid":{"rendered":"https:\/\/www.sebworld-auktionen.de\/produkt\/regentnivaakontor-metallgraa-5"},"modified":"2026-04-27T13:34:53","modified_gmt":"2026-04-27T11:34:53","slug":"regentnivaakontor-metallgraa-5","status":"publish","type":"product","link":"https:\/\/www.sebworld-auktionen.de\/sv\/lotterna\/regentnivaakontor-metallgraa-5","title":{"rendered":"Regentniv\u00e5kontor Metallgr\u00e5"},"content":{"rendered":"<p>Metall | Gr\u00e5 | med lysr\u00f6r | med sensor | H: 190 cm | B: 35 cm | D: 42 cm<br \/>\n* Bilderna visar en lampa som exempel; Regent-golvlamporna \u00e4r identiska.*<\/p>\n","protected":false},"excerpt":{"rendered":"<p>Metall | Gr\u00e5 | med lysr\u00f6r | med sensor | H: 190 cm | B: 35 cm | D: 42 cm * Bilderna visar en lampa som exempel; Regent-golvlamporna \u00e4r identiska.*<\/p>\n","protected":false},"featured_media":15441,"template":"","meta":{"_acf_changed":false},"product_brand":[],"product_cat":[215],"product_tag":[],"class_list":{"0":"post-16249","1":"product","2":"type-product","3":"status-publish","4":"has-post-thumbnail","6":"product_cat-golvlampor","8":"first","9":"instock","10":"taxable","11":"shipping-taxable","12":"purchasable","13":"product-type-auction"},"acf":[],"_links":{"self":[{"href":"https:\/\/www.sebworld-auktionen.de\/sv\/wp-json\/wp\/v2\/product\/16249","targetHints":{"allow":["GET"]}}],"collection":[{"href":"https:\/\/www.sebworld-auktionen.de\/sv\/wp-json\/wp\/v2\/product"}],"about":[{"href":"https:\/\/www.sebworld-auktionen.de\/sv\/wp-json\/wp\/v2\/types\/product"}],"wp:featuredmedia":[{"embeddable":true,"href":"https:\/\/www.sebworld-auktionen.de\/sv\/wp-json\/wp\/v2\/media\/15441"}],"wp:attachment":[{"href":"https:\/\/www.sebworld-auktionen.de\/sv\/wp-json\/wp\/v2\/media?parent=16249"}],"wp:term":[{"taxonomy":"product_brand","embeddable":true,"href":"https:\/\/www.sebworld-auktionen.de\/sv\/wp-json\/wp\/v2\/product_brand?post=16249"},{"taxonomy":"product_cat","embeddable":true,"href":"https:\/\/www.sebworld-auktionen.de\/sv\/wp-json\/wp\/v2\/product_cat?post=16249"},{"taxonomy":"product_tag","embeddable":true,"href":"https:\/\/www.sebworld-auktionen.de\/sv\/wp-json\/wp\/v2\/product_tag?post=16249"}],"curies":[{"name":"wp","href":"https:\/\/api.w.org\/{rel}","templated":true}]}}