{"id":16485,"date":"2026-04-22T13:47:15","date_gmt":"2026-04-22T11:47:15","guid":{"rendered":"https:\/\/www.sebworld-auktionen.de\/produkt\/vitra-workbay-hopsak-red"},"modified":"2026-04-22T13:47:15","modified_gmt":"2026-04-22T11:47:15","slug":"vitra-workbay-hopsak-red","status":"publish","type":"product","link":"https:\/\/www.sebworld-auktionen.de\/sv\/lotterna\/vitra-workbay-hopsak-red","title":{"rendered":"Vitra Workbay Hopsak Red"},"content":{"rendered":"<p>Hopsak | R\u00f6d | B\u00e4nkskiva med syntetisk harts vitt | inkl. 1 lampa (360\u00b0 roterbar) | 1x uttag | 2x n\u00e4tverksanslutning | H: 140 cm | B: 192 cm | D: 152 cm <\/p>\n<p>*Bilderna \u00e4r exemplariska, alla arbetsutrymmen \u00e4r identiska*<\/p>\n","protected":false},"excerpt":{"rendered":"<p>Hopsak | R\u00f6d | B\u00e4nkskiva med syntetisk harts vitt | inkl. 1 lampa (360\u00b0 roterbar) | 1x uttag | 2x n\u00e4tverksanslutning | H: 140 cm | B: 192 cm | D: 152 cm *Bilderna \u00e4r exemplariska, alla arbetsutrymmen \u00e4r identiska*<\/p>\n","protected":false},"featured_media":15030,"template":"","meta":{"_acf_changed":false},"product_brand":[],"product_cat":[225],"product_tag":[],"class_list":{"0":"post-16485","1":"product","2":"type-product","3":"status-publish","4":"has-post-thumbnail","6":"product_cat-kontorsmaterial","8":"first","9":"instock","10":"taxable","11":"shipping-taxable","12":"purchasable","13":"product-type-auction"},"acf":[],"_links":{"self":[{"href":"https:\/\/www.sebworld-auktionen.de\/sv\/wp-json\/wp\/v2\/product\/16485","targetHints":{"allow":["GET"]}}],"collection":[{"href":"https:\/\/www.sebworld-auktionen.de\/sv\/wp-json\/wp\/v2\/product"}],"about":[{"href":"https:\/\/www.sebworld-auktionen.de\/sv\/wp-json\/wp\/v2\/types\/product"}],"wp:featuredmedia":[{"embeddable":true,"href":"https:\/\/www.sebworld-auktionen.de\/sv\/wp-json\/wp\/v2\/media\/15030"}],"wp:attachment":[{"href":"https:\/\/www.sebworld-auktionen.de\/sv\/wp-json\/wp\/v2\/media?parent=16485"}],"wp:term":[{"taxonomy":"product_brand","embeddable":true,"href":"https:\/\/www.sebworld-auktionen.de\/sv\/wp-json\/wp\/v2\/product_brand?post=16485"},{"taxonomy":"product_cat","embeddable":true,"href":"https:\/\/www.sebworld-auktionen.de\/sv\/wp-json\/wp\/v2\/product_cat?post=16485"},{"taxonomy":"product_tag","embeddable":true,"href":"https:\/\/www.sebworld-auktionen.de\/sv\/wp-json\/wp\/v2\/product_tag?post=16485"}],"curies":[{"name":"wp","href":"https:\/\/api.w.org\/{rel}","templated":true}]}}