{"id":16637,"date":"2026-04-22T13:36:28","date_gmt":"2026-04-22T11:36:28","guid":{"rendered":"https:\/\/www.sebworld-auktionen.de\/produkt\/vitra-id-trim-counter-tyg-kraemvitt-2"},"modified":"2026-04-22T13:36:28","modified_gmt":"2026-04-22T11:36:28","slug":"vitra-id-trim-counter-tyg-kraemvitt-2","status":"publish","type":"product","link":"https:\/\/www.sebworld-auktionen.de\/sv\/lotterna\/vitra-id-trim-counter-tyg-kraemvitt-2","title":{"rendered":"Vitra ID Trim Counter Tyg Kr\u00e4mvitt"},"content":{"rendered":"<p>Tyg | Kr\u00e4mvitt | Ramen polerad aluminium | Sv\u00e4ngbar | med fotring | p\u00e5 hjul | H: 118-144 cm | SH: 66-89cm | B: 57 cm | D: 47 cm<\/p>\n","protected":false},"excerpt":{"rendered":"<p>Tyg | Kr\u00e4mvitt | Ramen polerad aluminium | Sv\u00e4ngbar | med fotring | p\u00e5 hjul | H: 118-144 cm | SH: 66-89cm | B: 57 cm | D: 47 cm<\/p>\n","protected":false},"featured_media":15013,"template":"","meta":{"_acf_changed":false},"product_brand":[],"product_cat":[188],"product_tag":[],"class_list":{"0":"post-16637","1":"product","2":"type-product","3":"status-publish","4":"has-post-thumbnail","6":"product_cat-kontorssnurrstolar","8":"first","9":"instock","10":"taxable","11":"shipping-taxable","12":"purchasable","13":"product-type-auction"},"acf":[],"_links":{"self":[{"href":"https:\/\/www.sebworld-auktionen.de\/sv\/wp-json\/wp\/v2\/product\/16637","targetHints":{"allow":["GET"]}}],"collection":[{"href":"https:\/\/www.sebworld-auktionen.de\/sv\/wp-json\/wp\/v2\/product"}],"about":[{"href":"https:\/\/www.sebworld-auktionen.de\/sv\/wp-json\/wp\/v2\/types\/product"}],"wp:featuredmedia":[{"embeddable":true,"href":"https:\/\/www.sebworld-auktionen.de\/sv\/wp-json\/wp\/v2\/media\/15013"}],"wp:attachment":[{"href":"https:\/\/www.sebworld-auktionen.de\/sv\/wp-json\/wp\/v2\/media?parent=16637"}],"wp:term":[{"taxonomy":"product_brand","embeddable":true,"href":"https:\/\/www.sebworld-auktionen.de\/sv\/wp-json\/wp\/v2\/product_brand?post=16637"},{"taxonomy":"product_cat","embeddable":true,"href":"https:\/\/www.sebworld-auktionen.de\/sv\/wp-json\/wp\/v2\/product_cat?post=16637"},{"taxonomy":"product_tag","embeddable":true,"href":"https:\/\/www.sebworld-auktionen.de\/sv\/wp-json\/wp\/v2\/product_tag?post=16637"}],"curies":[{"name":"wp","href":"https:\/\/api.w.org\/{rel}","templated":true}]}}