{"id":17496,"date":"2026-04-16T09:28:52","date_gmt":"2026-04-16T07:28:52","guid":{"rendered":"https:\/\/www.sebworld-auktionen.de\/produkt\/brunner-set-med-2-fina-lounge-tyg-moerkroed"},"modified":"2026-04-27T18:02:46","modified_gmt":"2026-04-27T16:02:46","slug":"brunner-set-med-2-fina-lounge-tyg-moerkroed","status":"publish","type":"product","link":"https:\/\/www.sebworld-auktionen.de\/sv\/lotterna\/brunner-set-med-2-fina-lounge-tyg-moerkroed","title":{"rendered":"Brunner-set med 2 Fina Lounge-tyg m\u00f6rkr\u00f6d"},"content":{"rendered":"<p>Set om 2 | Tyg | M\u00f6rkr\u00f6d | Ram polerad aluminium | Roterbar med returfunktion | H: 76 cm | SH: 42 cm | B: 70 cm | D: 72 cm<\/p>\n<p>*Visning och upph\u00e4mtning: Redcarstr. 3, 53842 Troisdorf* <\/p>\n","protected":false},"excerpt":{"rendered":"<p>Set om 2 | Tyg | M\u00f6rkr\u00f6d | Ram polerad aluminium | Roterbar med returfunktion | H: 76 cm | SH: 42 cm | B: 70 cm | D: 72 cm *Visning och upph\u00e4mtning: Redcarstr. 3, 53842 Troisdorf*<\/p>\n","protected":false},"featured_media":14092,"template":"","meta":{"_acf_changed":false},"product_brand":[],"product_cat":[180],"product_tag":[],"class_list":{"0":"post-17496","1":"product","2":"type-product","3":"status-publish","4":"has-post-thumbnail","6":"product_cat-faatoelj","8":"first","9":"outofstock","10":"taxable","11":"shipping-taxable","12":"purchasable","13":"product-type-auction"},"acf":[],"_links":{"self":[{"href":"https:\/\/www.sebworld-auktionen.de\/sv\/wp-json\/wp\/v2\/product\/17496","targetHints":{"allow":["GET"]}}],"collection":[{"href":"https:\/\/www.sebworld-auktionen.de\/sv\/wp-json\/wp\/v2\/product"}],"about":[{"href":"https:\/\/www.sebworld-auktionen.de\/sv\/wp-json\/wp\/v2\/types\/product"}],"wp:featuredmedia":[{"embeddable":true,"href":"https:\/\/www.sebworld-auktionen.de\/sv\/wp-json\/wp\/v2\/media\/14092"}],"wp:attachment":[{"href":"https:\/\/www.sebworld-auktionen.de\/sv\/wp-json\/wp\/v2\/media?parent=17496"}],"wp:term":[{"taxonomy":"product_brand","embeddable":true,"href":"https:\/\/www.sebworld-auktionen.de\/sv\/wp-json\/wp\/v2\/product_brand?post=17496"},{"taxonomy":"product_cat","embeddable":true,"href":"https:\/\/www.sebworld-auktionen.de\/sv\/wp-json\/wp\/v2\/product_cat?post=17496"},{"taxonomy":"product_tag","embeddable":true,"href":"https:\/\/www.sebworld-auktionen.de\/sv\/wp-json\/wp\/v2\/product_tag?post=17496"}],"curies":[{"name":"wp","href":"https:\/\/api.w.org\/{rel}","templated":true}]}}