{"id":17571,"date":"2026-04-16T08:41:31","date_gmt":"2026-04-16T06:41:31","guid":{"rendered":"https:\/\/www.sebworld-auktionen.de\/produkt\/set-med-2-besoeksstolar-gjorda-av-staaltraad-med-sittdyna-3"},"modified":"2026-04-16T08:41:31","modified_gmt":"2026-04-16T06:41:31","slug":"set-med-2-besoeksstolar-gjorda-av-staaltraad-med-sittdyna-3","status":"publish","type":"product","link":"https:\/\/www.sebworld-auktionen.de\/sv\/lotterna\/set-med-2-besoeksstolar-gjorda-av-staaltraad-med-sittdyna-3","title":{"rendered":"Set med 2 bes\u00f6ksstolar gjorda av st\u00e5ltr\u00e5d med sittdyna"},"content":{"rendered":"<p>St\u00e5l | Krompl\u00e4terad | Sittdyna Hopsak Svart | H: 85 cm | SH: 43 cm | B: 49 cm | D: 51 cm<\/p>\n<p>*Bilderna \u00e4r exemplariska, alla set \u00e4r identiska | 3, 53842 Troisdorf* <\/p>\n","protected":false},"excerpt":{"rendered":"<p>St\u00e5l | Krompl\u00e4terad | Sittdyna Hopsak Svart | H: 85 cm | SH: 43 cm | B: 49 cm | D: 51 cm *Bilderna \u00e4r exemplariska, alla set \u00e4r identiska | 3, 53842 Troisdorf*<\/p>\n","protected":false},"featured_media":14048,"template":"","meta":{"_acf_changed":false},"product_brand":[],"product_cat":[239],"product_tag":[],"class_list":{"0":"post-17571","1":"product","2":"type-product","3":"status-publish","4":"has-post-thumbnail","6":"product_cat-besoeksstolar","8":"first","9":"instock","10":"taxable","11":"shipping-taxable","12":"purchasable","13":"product-type-auction"},"acf":[],"_links":{"self":[{"href":"https:\/\/www.sebworld-auktionen.de\/sv\/wp-json\/wp\/v2\/product\/17571","targetHints":{"allow":["GET"]}}],"collection":[{"href":"https:\/\/www.sebworld-auktionen.de\/sv\/wp-json\/wp\/v2\/product"}],"about":[{"href":"https:\/\/www.sebworld-auktionen.de\/sv\/wp-json\/wp\/v2\/types\/product"}],"wp:featuredmedia":[{"embeddable":true,"href":"https:\/\/www.sebworld-auktionen.de\/sv\/wp-json\/wp\/v2\/media\/14048"}],"wp:attachment":[{"href":"https:\/\/www.sebworld-auktionen.de\/sv\/wp-json\/wp\/v2\/media?parent=17571"}],"wp:term":[{"taxonomy":"product_brand","embeddable":true,"href":"https:\/\/www.sebworld-auktionen.de\/sv\/wp-json\/wp\/v2\/product_brand?post=17571"},{"taxonomy":"product_cat","embeddable":true,"href":"https:\/\/www.sebworld-auktionen.de\/sv\/wp-json\/wp\/v2\/product_cat?post=17571"},{"taxonomy":"product_tag","embeddable":true,"href":"https:\/\/www.sebworld-auktionen.de\/sv\/wp-json\/wp\/v2\/product_tag?post=17571"}],"curies":[{"name":"wp","href":"https:\/\/api.w.org\/{rel}","templated":true}]}}